{"id":1003,"date":"2023-06-23T08:00:42","date_gmt":"2023-06-23T06:00:42","guid":{"rendered":"https:\/\/icrspmaurice.org\/?page_id=1003"},"modified":"2023-06-23T08:11:42","modified_gmt":"2023-06-23T06:11:42","slug":"les-soeurs-adoratrices-du-coeur-royal-de-jesus-souverain-pretre","status":"publish","type":"page","link":"https:\/\/icrspmaurice.org\/index.php\/les-soeurs-adoratrices-du-coeur-royal-de-jesus-souverain-pretre\/","title":{"rendered":"Les S\u0153urs Adoratrices du C\u0153ur Royal de J\u00e9sus-Christ Souverain Pr\u00eatre"},"content":{"rendered":"<div class=\"wp-block-image\">\n<figure class=\"aligncenter size-large\"><img decoding=\"async\" loading=\"lazy\" width=\"725\" height=\"1024\" src=\"https:\/\/icrspmaurice.org\/wp-content\/uploads\/2023\/06\/Adoratrices-2023-725x1024.jpg\" alt=\"\" class=\"wp-image-1004\" srcset=\"https:\/\/icrspmaurice.org\/wp-content\/uploads\/2023\/06\/Adoratrices-2023-725x1024.jpg 725w, https:\/\/icrspmaurice.org\/wp-content\/uploads\/2023\/06\/Adoratrices-2023-212x300.jpg 212w, https:\/\/icrspmaurice.org\/wp-content\/uploads\/2023\/06\/Adoratrices-2023-768x1085.jpg 768w, https:\/\/icrspmaurice.org\/wp-content\/uploads\/2023\/06\/Adoratrices-2023-scaled.jpg 1812w\" sizes=\"(max-width: 725px) 100vw, 725px\" \/><\/figure><\/div>\n\n<div class=\"wp-block-image\">\n<figure class=\"aligncenter size-large\"><img decoding=\"async\" loading=\"lazy\" width=\"725\" height=\"1024\" src=\"https:\/\/icrspmaurice.org\/wp-content\/uploads\/2023\/06\/Adoatrices-2023-Noviciat-725x1024.jpg\" alt=\"\" class=\"wp-image-1005\" srcset=\"https:\/\/icrspmaurice.org\/wp-content\/uploads\/2023\/06\/Adoatrices-2023-Noviciat-725x1024.jpg 725w, https:\/\/icrspmaurice.org\/wp-content\/uploads\/2023\/06\/Adoatrices-2023-Noviciat-212x300.jpg 212w, https:\/\/icrspmaurice.org\/wp-content\/uploads\/2023\/06\/Adoatrices-2023-Noviciat-768x1085.jpg 768w, https:\/\/icrspmaurice.org\/wp-content\/uploads\/2023\/06\/Adoatrices-2023-Noviciat-1087x1536.jpg 1087w, https:\/\/icrspmaurice.org\/wp-content\/uploads\/2023\/06\/Adoatrices-2023-Noviciat-scaled.jpg 1812w\" sizes=\"(max-width: 725px) 100vw, 725px\" \/><\/figure><\/div>\n\n\n<p class=\"has-text-align-center has-large-font-size\"><strong><a href=\"https:\/\/adoratrices.icrss.org\/fr\/\" target=\"_blank\" rel=\"noreferrer noopener\">Site des Adoratrices<\/a><\/strong><\/p>\n","protected":false},"excerpt":{"rendered":"<p>Site des Adoratrices<\/p>\n","protected":false},"author":3,"featured_media":0,"parent":0,"menu_order":0,"comment_status":"closed","ping_status":"closed","template":"","meta":{"ngg_post_thumbnail":0,"footnotes":"","_links_to":"","_links_to_target":""},"yoast_head":"<!-- This site is optimized with the Yoast SEO plugin v22.6 - https:\/\/yoast.com\/wordpress\/plugins\/seo\/ -->\n<title>Les S\u0153urs Adoratrices du C\u0153ur Royal de J\u00e9sus-Christ Souverain Pr\u00eatre - ICRSP MAURICE<\/title>\n<meta name=\"robots\" content=\"index, follow, max-snippet:-1, max-image-preview:large, max-video-preview:-1\" \/>\n<link rel=\"canonical\" href=\"https:\/\/icrspmaurice.org\/index.php\/les-soeurs-adoratrices-du-coeur-royal-de-jesus-souverain-pretre\/\" \/>\n<meta property=\"og:locale\" content=\"fr_FR\" \/>\n<meta property=\"og:type\" content=\"article\" \/>\n<meta property=\"og:title\" content=\"Les S\u0153urs Adoratrices du C\u0153ur Royal de J\u00e9sus-Christ Souverain Pr\u00eatre - ICRSP MAURICE\" \/>\n<meta property=\"og:description\" content=\"Site des Adoratrices\" \/>\n<meta property=\"og:url\" content=\"https:\/\/icrspmaurice.org\/index.php\/les-soeurs-adoratrices-du-coeur-royal-de-jesus-souverain-pretre\/\" \/>\n<meta property=\"og:site_name\" content=\"ICRSP MAURICE\" \/>\n<meta property=\"article:modified_time\" content=\"2023-06-23T06:11:42+00:00\" \/>\n<meta property=\"og:image\" content=\"https:\/\/icrspmaurice.org\/wp-content\/uploads\/2023\/06\/Adoratrices-2023-725x1024.jpg\" \/>\n<meta name=\"twitter:card\" content=\"summary_large_image\" \/>\n<meta name=\"twitter:label1\" content=\"Dur\u00e9e de lecture estim\u00e9e\" \/>\n\t<meta name=\"twitter:data1\" content=\"1 minute\" \/>\n<script type=\"application\/ld+json\" class=\"yoast-schema-graph\">{\"@context\":\"https:\/\/schema.org\",\"@graph\":[{\"@type\":\"WebPage\",\"@id\":\"https:\/\/icrspmaurice.org\/index.php\/les-soeurs-adoratrices-du-coeur-royal-de-jesus-souverain-pretre\/\",\"url\":\"https:\/\/icrspmaurice.org\/index.php\/les-soeurs-adoratrices-du-coeur-royal-de-jesus-souverain-pretre\/\",\"name\":\"Les S\u0153urs Adoratrices du C\u0153ur Royal de J\u00e9sus-Christ Souverain Pr\u00eatre - ICRSP MAURICE\",\"isPartOf\":{\"@id\":\"https:\/\/icrspmaurice.org\/#website\"},\"primaryImageOfPage\":{\"@id\":\"https:\/\/icrspmaurice.org\/index.php\/les-soeurs-adoratrices-du-coeur-royal-de-jesus-souverain-pretre\/#primaryimage\"},\"image\":{\"@id\":\"https:\/\/icrspmaurice.org\/index.php\/les-soeurs-adoratrices-du-coeur-royal-de-jesus-souverain-pretre\/#primaryimage\"},\"thumbnailUrl\":\"https:\/\/icrspmaurice.org\/wp-content\/uploads\/2023\/06\/Adoratrices-2023-725x1024.jpg\",\"datePublished\":\"2023-06-23T06:00:42+00:00\",\"dateModified\":\"2023-06-23T06:11:42+00:00\",\"breadcrumb\":{\"@id\":\"https:\/\/icrspmaurice.org\/index.php\/les-soeurs-adoratrices-du-coeur-royal-de-jesus-souverain-pretre\/#breadcrumb\"},\"inLanguage\":\"fr-FR\",\"potentialAction\":[{\"@type\":\"ReadAction\",\"target\":[\"https:\/\/icrspmaurice.org\/index.php\/les-soeurs-adoratrices-du-coeur-royal-de-jesus-souverain-pretre\/\"]}]},{\"@type\":\"ImageObject\",\"inLanguage\":\"fr-FR\",\"@id\":\"https:\/\/icrspmaurice.org\/index.php\/les-soeurs-adoratrices-du-coeur-royal-de-jesus-souverain-pretre\/#primaryimage\",\"url\":\"https:\/\/icrspmaurice.org\/wp-content\/uploads\/2023\/06\/Adoratrices-2023-scaled.jpg\",\"contentUrl\":\"https:\/\/icrspmaurice.org\/wp-content\/uploads\/2023\/06\/Adoratrices-2023-scaled.jpg\",\"width\":1812,\"height\":2560},{\"@type\":\"BreadcrumbList\",\"@id\":\"https:\/\/icrspmaurice.org\/index.php\/les-soeurs-adoratrices-du-coeur-royal-de-jesus-souverain-pretre\/#breadcrumb\",\"itemListElement\":[{\"@type\":\"ListItem\",\"position\":1,\"name\":\"Accueil\",\"item\":\"https:\/\/icrspmaurice.org\/\"},{\"@type\":\"ListItem\",\"position\":2,\"name\":\"Les S\u0153urs Adoratrices du C\u0153ur Royal de J\u00e9sus-Christ Souverain Pr\u00eatre\"}]},{\"@type\":\"WebSite\",\"@id\":\"https:\/\/icrspmaurice.org\/#website\",\"url\":\"https:\/\/icrspmaurice.org\/\",\"name\":\"ICRSP MAURICE\",\"description\":\"Ile Maurice\",\"publisher\":{\"@id\":\"https:\/\/icrspmaurice.org\/#organization\"},\"potentialAction\":[{\"@type\":\"SearchAction\",\"target\":{\"@type\":\"EntryPoint\",\"urlTemplate\":\"https:\/\/icrspmaurice.org\/?s={search_term_string}\"},\"query-input\":\"required name=search_term_string\"}],\"inLanguage\":\"fr-FR\"},{\"@type\":\"Organization\",\"@id\":\"https:\/\/icrspmaurice.org\/#organization\",\"name\":\"ICRSP MAURICE\",\"url\":\"https:\/\/icrspmaurice.org\/\",\"logo\":{\"@type\":\"ImageObject\",\"inLanguage\":\"fr-FR\",\"@id\":\"https:\/\/icrspmaurice.org\/#\/schema\/logo\/image\/\",\"url\":\"https:\/\/icrspmaurice.org\/wp-content\/uploads\/2021\/08\/Institute-Crest.png\",\"contentUrl\":\"https:\/\/icrspmaurice.org\/wp-content\/uploads\/2021\/08\/Institute-Crest.png\",\"width\":288,\"height\":335,\"caption\":\"ICRSP MAURICE\"},\"image\":{\"@id\":\"https:\/\/icrspmaurice.org\/#\/schema\/logo\/image\/\"}}]}<\/script>\n<!-- \/ Yoast SEO plugin. -->","yoast_head_json":{"title":"Les S\u0153urs Adoratrices du C\u0153ur Royal de J\u00e9sus-Christ Souverain Pr\u00eatre - ICRSP MAURICE","robots":{"index":"index","follow":"follow","max-snippet":"max-snippet:-1","max-image-preview":"max-image-preview:large","max-video-preview":"max-video-preview:-1"},"canonical":"https:\/\/icrspmaurice.org\/index.php\/les-soeurs-adoratrices-du-coeur-royal-de-jesus-souverain-pretre\/","og_locale":"fr_FR","og_type":"article","og_title":"Les S\u0153urs Adoratrices du C\u0153ur Royal de J\u00e9sus-Christ Souverain Pr\u00eatre - ICRSP MAURICE","og_description":"Site des Adoratrices","og_url":"https:\/\/icrspmaurice.org\/index.php\/les-soeurs-adoratrices-du-coeur-royal-de-jesus-souverain-pretre\/","og_site_name":"ICRSP MAURICE","article_modified_time":"2023-06-23T06:11:42+00:00","og_image":[{"url":"https:\/\/icrspmaurice.org\/wp-content\/uploads\/2023\/06\/Adoratrices-2023-725x1024.jpg"}],"twitter_card":"summary_large_image","twitter_misc":{"Dur\u00e9e de lecture estim\u00e9e":"1 minute"},"schema":{"@context":"https:\/\/schema.org","@graph":[{"@type":"WebPage","@id":"https:\/\/icrspmaurice.org\/index.php\/les-soeurs-adoratrices-du-coeur-royal-de-jesus-souverain-pretre\/","url":"https:\/\/icrspmaurice.org\/index.php\/les-soeurs-adoratrices-du-coeur-royal-de-jesus-souverain-pretre\/","name":"Les S\u0153urs Adoratrices du C\u0153ur Royal de J\u00e9sus-Christ Souverain Pr\u00eatre - ICRSP MAURICE","isPartOf":{"@id":"https:\/\/icrspmaurice.org\/#website"},"primaryImageOfPage":{"@id":"https:\/\/icrspmaurice.org\/index.php\/les-soeurs-adoratrices-du-coeur-royal-de-jesus-souverain-pretre\/#primaryimage"},"image":{"@id":"https:\/\/icrspmaurice.org\/index.php\/les-soeurs-adoratrices-du-coeur-royal-de-jesus-souverain-pretre\/#primaryimage"},"thumbnailUrl":"https:\/\/icrspmaurice.org\/wp-content\/uploads\/2023\/06\/Adoratrices-2023-725x1024.jpg","datePublished":"2023-06-23T06:00:42+00:00","dateModified":"2023-06-23T06:11:42+00:00","breadcrumb":{"@id":"https:\/\/icrspmaurice.org\/index.php\/les-soeurs-adoratrices-du-coeur-royal-de-jesus-souverain-pretre\/#breadcrumb"},"inLanguage":"fr-FR","potentialAction":[{"@type":"ReadAction","target":["https:\/\/icrspmaurice.org\/index.php\/les-soeurs-adoratrices-du-coeur-royal-de-jesus-souverain-pretre\/"]}]},{"@type":"ImageObject","inLanguage":"fr-FR","@id":"https:\/\/icrspmaurice.org\/index.php\/les-soeurs-adoratrices-du-coeur-royal-de-jesus-souverain-pretre\/#primaryimage","url":"https:\/\/icrspmaurice.org\/wp-content\/uploads\/2023\/06\/Adoratrices-2023-scaled.jpg","contentUrl":"https:\/\/icrspmaurice.org\/wp-content\/uploads\/2023\/06\/Adoratrices-2023-scaled.jpg","width":1812,"height":2560},{"@type":"BreadcrumbList","@id":"https:\/\/icrspmaurice.org\/index.php\/les-soeurs-adoratrices-du-coeur-royal-de-jesus-souverain-pretre\/#breadcrumb","itemListElement":[{"@type":"ListItem","position":1,"name":"Accueil","item":"https:\/\/icrspmaurice.org\/"},{"@type":"ListItem","position":2,"name":"Les S\u0153urs Adoratrices du C\u0153ur Royal de J\u00e9sus-Christ Souverain Pr\u00eatre"}]},{"@type":"WebSite","@id":"https:\/\/icrspmaurice.org\/#website","url":"https:\/\/icrspmaurice.org\/","name":"ICRSP MAURICE","description":"Ile Maurice","publisher":{"@id":"https:\/\/icrspmaurice.org\/#organization"},"potentialAction":[{"@type":"SearchAction","target":{"@type":"EntryPoint","urlTemplate":"https:\/\/icrspmaurice.org\/?s={search_term_string}"},"query-input":"required name=search_term_string"}],"inLanguage":"fr-FR"},{"@type":"Organization","@id":"https:\/\/icrspmaurice.org\/#organization","name":"ICRSP MAURICE","url":"https:\/\/icrspmaurice.org\/","logo":{"@type":"ImageObject","inLanguage":"fr-FR","@id":"https:\/\/icrspmaurice.org\/#\/schema\/logo\/image\/","url":"https:\/\/icrspmaurice.org\/wp-content\/uploads\/2021\/08\/Institute-Crest.png","contentUrl":"https:\/\/icrspmaurice.org\/wp-content\/uploads\/2021\/08\/Institute-Crest.png","width":288,"height":335,"caption":"ICRSP MAURICE"},"image":{"@id":"https:\/\/icrspmaurice.org\/#\/schema\/logo\/image\/"}}]}},"_links":{"self":[{"href":"https:\/\/icrspmaurice.org\/index.php\/wp-json\/wp\/v2\/pages\/1003"}],"collection":[{"href":"https:\/\/icrspmaurice.org\/index.php\/wp-json\/wp\/v2\/pages"}],"about":[{"href":"https:\/\/icrspmaurice.org\/index.php\/wp-json\/wp\/v2\/types\/page"}],"author":[{"embeddable":true,"href":"https:\/\/icrspmaurice.org\/index.php\/wp-json\/wp\/v2\/users\/3"}],"replies":[{"embeddable":true,"href":"https:\/\/icrspmaurice.org\/index.php\/wp-json\/wp\/v2\/comments?post=1003"}],"version-history":[{"count":3,"href":"https:\/\/icrspmaurice.org\/index.php\/wp-json\/wp\/v2\/pages\/1003\/revisions"}],"predecessor-version":[{"id":1014,"href":"https:\/\/icrspmaurice.org\/index.php\/wp-json\/wp\/v2\/pages\/1003\/revisions\/1014"}],"wp:attachment":[{"href":"https:\/\/icrspmaurice.org\/index.php\/wp-json\/wp\/v2\/media?parent=1003"}],"curies":[{"name":"wp","href":"https:\/\/api.w.org\/{rel}","templated":true}]}}