{"id":1332,"date":"2024-01-15T13:47:41","date_gmt":"2024-01-15T12:47:41","guid":{"rendered":"https:\/\/icrspmaurice.org\/?page_id=1332"},"modified":"2024-01-16T11:32:44","modified_gmt":"2024-01-16T10:32:44","slug":"cyclones-et-fortes-pluies","status":"publish","type":"page","link":"https:\/\/icrspmaurice.org\/index.php\/cyclones-et-fortes-pluies\/","title":{"rendered":"Cyclones et Fortes pluies"},"content":{"rendered":"\n<p>Voici les pri\u00e8res contre les inondations, contre les temp\u00eates et comment faire la communion spirituelle (si l&rsquo;assistance \u00e0 la Messe est emp\u00each\u00e9e par un avis de cyclone de classe 2 ou 3 ; ou par un avis de pluie torrentielle) .<\/p>\n\n\n\n<p class=\"has-medium-font-size\"><strong>Le Rituel Romain donne une B\u00e9n\u00e9diction contre les Inondations<\/strong><\/p>\n\n\n\n<div class=\"wp-block-file\"><object class=\"wp-block-file__embed\" data=\"https:\/\/icrspmaurice.org\/wp-content\/uploads\/2024\/01\/BENEDICTIOCONTRA-INUNDATIONES-AQUARUM.pdf\" type=\"application\/pdf\" style=\"width:100%;height:600px\" aria-label=\"Contenu embarqu\u00e9 BENEDICTIOCONTRA INUNDATIONES AQUARUM.\"><\/object><a id=\"wp-block-file--media-856fe699-e03a-40f9-a087-da2a03b20eb3\" href=\"https:\/\/icrspmaurice.org\/wp-content\/uploads\/2024\/01\/BENEDICTIOCONTRA-INUNDATIONES-AQUARUM.pdf\">BENEDICTIOCONTRA INUNDATIONES AQUARUM<\/a><a href=\"https:\/\/icrspmaurice.org\/wp-content\/uploads\/2024\/01\/BENEDICTIOCONTRA-INUNDATIONES-AQUARUM.pdf\" class=\"wp-block-file__button wp-element-button\" download aria-describedby=\"wp-block-file--media-856fe699-e03a-40f9-a087-da2a03b20eb3\">T\u00e9l\u00e9charger<\/a><\/div>\n\n\n\n<p><\/p>\n\n\n\n<div style=\"height:100px\" aria-hidden=\"true\" class=\"wp-block-spacer\"><\/div>\n\n\n\n<p class=\"has-medium-font-size\"><strong>Le Missel Romain donne des Oraisons contre les Temp\u00eates (et les Cyclones)<\/strong><\/p>\n\n\n\n<p class=\"has-text-align-center\"><strong>AD REPELLENDAS TEMPESTATES<\/strong><\/p>\n\n\n\n<p class=\"has-text-align-center\">Collecte<\/p>\n\n\n\n<p>A domo tua, quaesumus, Domine, spiritales nequitias repellantur: et aerearum discedat malignitas tempestatum. Per Dominum.<\/p>\n\n\n\n<p>Nous Voussupplions, Seigneur, que toute m\u00e9chancet\u00e9 \u00e9tant chass\u00e9e de votremaison, la fureur de la temp\u00eate qui fait rage passe. Par notre Seigneur.<\/p>\n\n\n\n<p class=\"has-text-align-center\">Secr\u00e8te<\/p>\n\n\n\n<p>&nbsp;Offerimus tibi, Domine, laudes et munera, pro concessis beneficiis gratias referentes, et pro concedendis semper suppliciter deprecantes. Per Dominum nostrum.<\/p>\n\n\n\n<p>Nous vous offrons, Seigneur, nos louanges et nos dons, en vous rendant gr\u00e2ce pour les b\u00e9n\u00e9dictions qui nous ont \u00e9t\u00e9 accord\u00e9es et en priant toujours humblement pour qu&rsquo;elles se prolongent vers nous. Par notre Seigneur.<\/p>\n\n\n\n<p class=\"has-text-align-center\">Postcommunion<\/p>\n\n\n\n<p>Omnipotens sempiterne Deus, qui nos et castigando sanas, et ignoscendo conservas: praesta supplicibus tuis; ut et tranquillitatibus huius optatae consolationis laetemur, et dono tuae pietatis semper utamur. Per Dominum.<\/p>\n\n\n\n<p>\u00d4 Dieu tout-puissant et \u00e9ternel, qui en nous ch\u00e2tiant nous gu\u00e9rissez et en pardonnant nous pr\u00e9servez, accordez-nous, \u00e0 ceux qui vous supplie, de nous r\u00e9jouir de la paix et de la consolation que nous d\u00e9sirons et de jouir toujours du don de votre mis\u00e9ricorde. Par notre Seigneur.<\/p>\n\n\n\n<div style=\"height:100px\" aria-hidden=\"true\" class=\"wp-block-spacer\"><\/div>\n\n\n\n<p class=\"has-medium-font-size\"><strong>La Communion spirituelle<\/strong><\/p>\n\n\n\n<figure class=\"wp-block-embed is-type-video is-provider-youtube wp-block-embed-youtube wp-embed-aspect-16-9 wp-has-aspect-ratio\"><div class=\"wp-block-embed__wrapper\">\n<iframe loading=\"lazy\" title=\"La Communion spirituelle | Vid\u00e9o-formation n\u00b01\" width=\"1200\" height=\"675\" src=\"https:\/\/www.youtube.com\/embed\/-KDUvh7m1xA?feature=oembed\" frameborder=\"0\" allow=\"accelerometer; autoplay; clipboard-write; encrypted-media; gyroscope; picture-in-picture; web-share\" allowfullscreen><\/iframe>\n<\/div><\/figure>\n\n\n\n<p><em><strong>LA COMMUNION SPIRITUELLE \u00ab&nbsp;consiste dans un ardent d\u00e9sir de se nourrir du Pain c\u00e9leste, avec une foi vive qui agit par la charit\u00e9 et qui nous rend participants des fruits et des gr\u00e2ces du Sacrement&nbsp;\u00bb&nbsp;<\/strong><\/em>(Saint Concile de Trente, session XIII, ch. 8).&nbsp;<\/p>\n\n\n\n<p>Quand on relit toutes les recommandations qui ont \u00e9t\u00e9 faites sur ce sujet, non seulement par les Docteurs et les Saints, mais encore ne serait-ce que par le Concile de Trente ou le Pape Pie XII, on est frapp\u00e9 de cette n\u00e9gligence g\u00e9n\u00e9rale pour une pratique de d\u00e9votion si fructueuse. Plusieurs \u00e9v\u00eaques en ont aussi rappel\u00e9s les bienfaits ces derni\u00e8res ann\u00e9es.<br><em><strong>\u00ab&nbsp;\u00d4 salutaire Communion Spirituelle&nbsp;! Tr\u00e9sor cach\u00e9 et connu de bien peu de chr\u00e9tiens&#8230; Autant Vous \u00eates pr\u00e9cieuse, autant Vous \u00eates peu connue, et surtout peu pratiqu\u00e9e des chr\u00e9tiens de nos jours&nbsp;! \u00bb<\/strong><\/em>&nbsp;(Saint L\u00e9onard de Port-Maurice).<\/p>\n\n\n\n<p>Pour ce qui est des fruits (ou effets) de la&nbsp;Communion de D\u00e9sir (ou spirituelle), les th\u00e9ologiens affirment que ce sont les m\u00eames que ceux de la Communion Sacramentelle. R\u00e9sumons-les en quatre mots avec Saint Thomas&nbsp;:&nbsp;<em><strong>\u00ab&nbsp;Comme l&rsquo;autre communion&#8230; elle soutient, fortifie, r\u00e9pare et r\u00e9jouit&nbsp;\u00bb&nbsp;<\/strong><\/em>. Sans oublier l&rsquo;effet principal qui est de nous unir au Christ d&rsquo;une mani\u00e8re si intime que nous puissions dire avec saint Paul&nbsp;:&nbsp;<em><strong>\u00ab&nbsp;Ce n&rsquo;est plus moi qui vis, c&rsquo;est le Christ qui vit en moi&nbsp;\u00bb&nbsp;<\/strong><\/em>(Ga 2, 20).<\/p>\n\n\n\n<p>Cependant, il faut maintenir que si les effets sont identiques, de m\u00eame nature que ceux du Sacrement, ils ne peuvent atteindre la m\u00eame intensit\u00e9, \u00e0 \u00e9galit\u00e9 de ferveur de la part du communiant. Il est \u00e9vident que le Sacrement a une efficacit\u00e9 qui Lui est propre, et qui vient des m\u00e9rites de la sainte humanit\u00e9 du Christ. D&rsquo;un autre c\u00f4t\u00e9, nous savons comment de m\u00e9diocres dispositions peuvent d\u00e9valoriser la Communion Sacramentelle. Ce qui permet \u00e0 Saint L\u00e9onard de Port-Maurice et d&rsquo;autres Docteurs d&rsquo;affirmer&nbsp;<em><strong>\u00ab&nbsp;que l&rsquo;on peut, dans certains cas, faire la Communion Spirituelle avec une si grande ferveur, qu&rsquo;on en retire autant de fruit que d&rsquo;une Communion Sacramentelle (ti\u00e8de) \u00bb.&nbsp;<\/strong><\/em><\/p>\n\n\n\n<p>Y a-t-il des actes sp\u00e9ciaux qu&rsquo;il est n\u00e9cessaire de produire&nbsp;? Il n&rsquo;y a pas d&rsquo;obligation stricte, si ce n&rsquo;est l&rsquo;ardent d\u00e9sir que notre Seigneur descende en nous. Toutefois, la plupart des auteurs recommandent de faire les m\u00eames actes que ceux qui sont indiqu\u00e9s avant et apr\u00e8s la Communion, que l&rsquo;on peut r\u00e9sumer ainsi&nbsp;:<br>1\/- Acte de contrition (ou le \u00ab&nbsp;Confiteor \u00bb, le \u00ab&nbsp;Domine non sum dignus \u00bb, &#8230; )<br>2\/- Acte de foi vive, qui nous repr\u00e9sente J\u00e9sus-Christ victime immol\u00e9e pour nous.<br>3\/- Acte de d\u00e9sir, d\u00e9sir ardent de nous unir \u00e0 J\u00e9sus dans le Sacrement.<br>4\/- Acte de demande, qui nous fait implorer les Gr\u00e2ces qui sont promises \u00e0 ceux qui se nourrissent de l&rsquo;Eucharistie (par exemple le pardon pour nos fautes v\u00e9nielles).<br>5\/- Acte d&rsquo;action de gr\u00e2ces.<\/p>\n\n\n\n<div class=\"wp-block-file\"><object class=\"wp-block-file__embed\" data=\"https:\/\/icrspmaurice.org\/wp-content\/uploads\/2024\/01\/La-Communion-spirituelle.pdf\" type=\"application\/pdf\" style=\"width:100%;height:600px\" aria-label=\"Contenu embarqu\u00e9 La Communion spirituelle.\"><\/object><a id=\"wp-block-file--media-9d5a34ed-342a-41d1-9cd2-30bc2a1d95ba\" href=\"https:\/\/icrspmaurice.org\/wp-content\/uploads\/2024\/01\/La-Communion-spirituelle.pdf\">La Communion spirituelle<\/a><a href=\"https:\/\/icrspmaurice.org\/wp-content\/uploads\/2024\/01\/La-Communion-spirituelle.pdf\" class=\"wp-block-file__button wp-element-button\" download aria-describedby=\"wp-block-file--media-9d5a34ed-342a-41d1-9cd2-30bc2a1d95ba\">T\u00e9l\u00e9charger<\/a><\/div>\n","protected":false},"excerpt":{"rendered":"<p>Voici les pri\u00e8res contre les inondations, contre les temp\u00eates et comment faire la communion spirituelle (si l&rsquo;assistance \u00e0 la Messe est emp\u00each\u00e9e par un avis de cyclone de classe 2 ou 3 ; ou par un avis de pluie torrentielle) . Le Rituel Romain donne une B\u00e9n\u00e9diction contre les Inondations Le Missel Romain donne des &#8230; <a title=\"Cyclones et Fortes pluies\" class=\"read-more\" href=\"https:\/\/icrspmaurice.org\/index.php\/cyclones-et-fortes-pluies\/\" aria-label=\"En savoir plus sur Cyclones et Fortes pluies\">Lire la suite<\/a><\/p>\n","protected":false},"author":3,"featured_media":0,"parent":0,"menu_order":0,"comment_status":"closed","ping_status":"closed","template":"","meta":{"ngg_post_thumbnail":0,"footnotes":"","_links_to":"","_links_to_target":""},"yoast_head":"<!-- This site is optimized with the Yoast SEO plugin v22.6 - https:\/\/yoast.com\/wordpress\/plugins\/seo\/ -->\n<title>Cyclones et Fortes pluies - ICRSP MAURICE<\/title>\n<meta name=\"robots\" content=\"index, follow, max-snippet:-1, max-image-preview:large, max-video-preview:-1\" \/>\n<link rel=\"canonical\" href=\"https:\/\/icrspmaurice.org\/index.php\/cyclones-et-fortes-pluies\/\" \/>\n<meta property=\"og:locale\" content=\"fr_FR\" \/>\n<meta property=\"og:type\" content=\"article\" \/>\n<meta property=\"og:title\" content=\"Cyclones et Fortes pluies - ICRSP MAURICE\" \/>\n<meta property=\"og:description\" content=\"Voici les pri\u00e8res contre les inondations, contre les temp\u00eates et comment faire la communion spirituelle (si l&rsquo;assistance \u00e0 la Messe est emp\u00each\u00e9e par un avis de cyclone de classe 2 ou 3 ; ou par un avis de pluie torrentielle) . Le Rituel Romain donne une B\u00e9n\u00e9diction contre les Inondations Le Missel Romain donne des ... Lire la suite\" \/>\n<meta property=\"og:url\" content=\"https:\/\/icrspmaurice.org\/index.php\/cyclones-et-fortes-pluies\/\" \/>\n<meta property=\"og:site_name\" content=\"ICRSP MAURICE\" \/>\n<meta property=\"article:modified_time\" content=\"2024-01-16T10:32:44+00:00\" \/>\n<meta name=\"twitter:card\" content=\"summary_large_image\" \/>\n<meta name=\"twitter:label1\" content=\"Dur\u00e9e de lecture estim\u00e9e\" \/>\n\t<meta name=\"twitter:data1\" content=\"4 minutes\" \/>\n<script type=\"application\/ld+json\" class=\"yoast-schema-graph\">{\"@context\":\"https:\/\/schema.org\",\"@graph\":[{\"@type\":\"WebPage\",\"@id\":\"https:\/\/icrspmaurice.org\/index.php\/cyclones-et-fortes-pluies\/\",\"url\":\"https:\/\/icrspmaurice.org\/index.php\/cyclones-et-fortes-pluies\/\",\"name\":\"Cyclones et Fortes pluies - ICRSP MAURICE\",\"isPartOf\":{\"@id\":\"https:\/\/icrspmaurice.org\/#website\"},\"datePublished\":\"2024-01-15T12:47:41+00:00\",\"dateModified\":\"2024-01-16T10:32:44+00:00\",\"breadcrumb\":{\"@id\":\"https:\/\/icrspmaurice.org\/index.php\/cyclones-et-fortes-pluies\/#breadcrumb\"},\"inLanguage\":\"fr-FR\",\"potentialAction\":[{\"@type\":\"ReadAction\",\"target\":[\"https:\/\/icrspmaurice.org\/index.php\/cyclones-et-fortes-pluies\/\"]}]},{\"@type\":\"BreadcrumbList\",\"@id\":\"https:\/\/icrspmaurice.org\/index.php\/cyclones-et-fortes-pluies\/#breadcrumb\",\"itemListElement\":[{\"@type\":\"ListItem\",\"position\":1,\"name\":\"Accueil\",\"item\":\"https:\/\/icrspmaurice.org\/\"},{\"@type\":\"ListItem\",\"position\":2,\"name\":\"Cyclones et Fortes pluies\"}]},{\"@type\":\"WebSite\",\"@id\":\"https:\/\/icrspmaurice.org\/#website\",\"url\":\"https:\/\/icrspmaurice.org\/\",\"name\":\"ICRSP MAURICE\",\"description\":\"Ile Maurice\",\"publisher\":{\"@id\":\"https:\/\/icrspmaurice.org\/#organization\"},\"potentialAction\":[{\"@type\":\"SearchAction\",\"target\":{\"@type\":\"EntryPoint\",\"urlTemplate\":\"https:\/\/icrspmaurice.org\/?s={search_term_string}\"},\"query-input\":\"required name=search_term_string\"}],\"inLanguage\":\"fr-FR\"},{\"@type\":\"Organization\",\"@id\":\"https:\/\/icrspmaurice.org\/#organization\",\"name\":\"ICRSP MAURICE\",\"url\":\"https:\/\/icrspmaurice.org\/\",\"logo\":{\"@type\":\"ImageObject\",\"inLanguage\":\"fr-FR\",\"@id\":\"https:\/\/icrspmaurice.org\/#\/schema\/logo\/image\/\",\"url\":\"https:\/\/icrspmaurice.org\/wp-content\/uploads\/2021\/08\/Institute-Crest.png\",\"contentUrl\":\"https:\/\/icrspmaurice.org\/wp-content\/uploads\/2021\/08\/Institute-Crest.png\",\"width\":288,\"height\":335,\"caption\":\"ICRSP MAURICE\"},\"image\":{\"@id\":\"https:\/\/icrspmaurice.org\/#\/schema\/logo\/image\/\"}}]}<\/script>\n<!-- \/ Yoast SEO plugin. -->","yoast_head_json":{"title":"Cyclones et Fortes pluies - ICRSP MAURICE","robots":{"index":"index","follow":"follow","max-snippet":"max-snippet:-1","max-image-preview":"max-image-preview:large","max-video-preview":"max-video-preview:-1"},"canonical":"https:\/\/icrspmaurice.org\/index.php\/cyclones-et-fortes-pluies\/","og_locale":"fr_FR","og_type":"article","og_title":"Cyclones et Fortes pluies - ICRSP MAURICE","og_description":"Voici les pri\u00e8res contre les inondations, contre les temp\u00eates et comment faire la communion spirituelle (si l&rsquo;assistance \u00e0 la Messe est emp\u00each\u00e9e par un avis de cyclone de classe 2 ou 3 ; ou par un avis de pluie torrentielle) . Le Rituel Romain donne une B\u00e9n\u00e9diction contre les Inondations Le Missel Romain donne des ... Lire la suite","og_url":"https:\/\/icrspmaurice.org\/index.php\/cyclones-et-fortes-pluies\/","og_site_name":"ICRSP MAURICE","article_modified_time":"2024-01-16T10:32:44+00:00","twitter_card":"summary_large_image","twitter_misc":{"Dur\u00e9e de lecture estim\u00e9e":"4 minutes"},"schema":{"@context":"https:\/\/schema.org","@graph":[{"@type":"WebPage","@id":"https:\/\/icrspmaurice.org\/index.php\/cyclones-et-fortes-pluies\/","url":"https:\/\/icrspmaurice.org\/index.php\/cyclones-et-fortes-pluies\/","name":"Cyclones et Fortes pluies - ICRSP MAURICE","isPartOf":{"@id":"https:\/\/icrspmaurice.org\/#website"},"datePublished":"2024-01-15T12:47:41+00:00","dateModified":"2024-01-16T10:32:44+00:00","breadcrumb":{"@id":"https:\/\/icrspmaurice.org\/index.php\/cyclones-et-fortes-pluies\/#breadcrumb"},"inLanguage":"fr-FR","potentialAction":[{"@type":"ReadAction","target":["https:\/\/icrspmaurice.org\/index.php\/cyclones-et-fortes-pluies\/"]}]},{"@type":"BreadcrumbList","@id":"https:\/\/icrspmaurice.org\/index.php\/cyclones-et-fortes-pluies\/#breadcrumb","itemListElement":[{"@type":"ListItem","position":1,"name":"Accueil","item":"https:\/\/icrspmaurice.org\/"},{"@type":"ListItem","position":2,"name":"Cyclones et Fortes pluies"}]},{"@type":"WebSite","@id":"https:\/\/icrspmaurice.org\/#website","url":"https:\/\/icrspmaurice.org\/","name":"ICRSP MAURICE","description":"Ile Maurice","publisher":{"@id":"https:\/\/icrspmaurice.org\/#organization"},"potentialAction":[{"@type":"SearchAction","target":{"@type":"EntryPoint","urlTemplate":"https:\/\/icrspmaurice.org\/?s={search_term_string}"},"query-input":"required name=search_term_string"}],"inLanguage":"fr-FR"},{"@type":"Organization","@id":"https:\/\/icrspmaurice.org\/#organization","name":"ICRSP MAURICE","url":"https:\/\/icrspmaurice.org\/","logo":{"@type":"ImageObject","inLanguage":"fr-FR","@id":"https:\/\/icrspmaurice.org\/#\/schema\/logo\/image\/","url":"https:\/\/icrspmaurice.org\/wp-content\/uploads\/2021\/08\/Institute-Crest.png","contentUrl":"https:\/\/icrspmaurice.org\/wp-content\/uploads\/2021\/08\/Institute-Crest.png","width":288,"height":335,"caption":"ICRSP MAURICE"},"image":{"@id":"https:\/\/icrspmaurice.org\/#\/schema\/logo\/image\/"}}]}},"_links":{"self":[{"href":"https:\/\/icrspmaurice.org\/index.php\/wp-json\/wp\/v2\/pages\/1332"}],"collection":[{"href":"https:\/\/icrspmaurice.org\/index.php\/wp-json\/wp\/v2\/pages"}],"about":[{"href":"https:\/\/icrspmaurice.org\/index.php\/wp-json\/wp\/v2\/types\/page"}],"author":[{"embeddable":true,"href":"https:\/\/icrspmaurice.org\/index.php\/wp-json\/wp\/v2\/users\/3"}],"replies":[{"embeddable":true,"href":"https:\/\/icrspmaurice.org\/index.php\/wp-json\/wp\/v2\/comments?post=1332"}],"version-history":[{"count":9,"href":"https:\/\/icrspmaurice.org\/index.php\/wp-json\/wp\/v2\/pages\/1332\/revisions"}],"predecessor-version":[{"id":1353,"href":"https:\/\/icrspmaurice.org\/index.php\/wp-json\/wp\/v2\/pages\/1332\/revisions\/1353"}],"wp:attachment":[{"href":"https:\/\/icrspmaurice.org\/index.php\/wp-json\/wp\/v2\/media?parent=1332"}],"curies":[{"name":"wp","href":"https:\/\/api.w.org\/{rel}","templated":true}]}}