{"id":1713,"date":"2025-03-03T13:15:04","date_gmt":"2025-03-03T12:15:04","guid":{"rendered":"https:\/\/icrspmaurice.org\/?page_id=1713"},"modified":"2026-01-12T13:24:47","modified_gmt":"2026-01-12T12:24:47","slug":"enregistrement-des-sermons-2025-ad","status":"publish","type":"page","link":"https:\/\/icrspmaurice.org\/index.php\/enregistrement-des-sermons-2025-ad\/","title":{"rendered":"Enregistrement des sermons 2025 aD"},"content":{"rendered":"\n<p>Dimanche dans l&rsquo;Octave de la Nativit\u00e9<\/p>\n\n\n\n<figure class=\"wp-block-audio\"><audio controls src=\"https:\/\/icrspmaurice.org\/wp-content\/uploads\/2026\/01\/Dim-dans-loctave-de-Noel-Sermon-converted.mp3\"><\/audio><\/figure>\n\n\n\n<p>Nativit\u00e9 &#8211; Messe du jour<\/p>\n\n\n\n<figure class=\"wp-block-audio\"><audio controls src=\"https:\/\/icrspmaurice.org\/wp-content\/uploads\/2026\/01\/Messe-du-jour-sermon-converted.mp3\"><\/audio><\/figure>\n\n\n\n<p>Nativit\u00e9 &#8211; Messe de la nuit<\/p>\n\n\n\n<figure class=\"wp-block-audio\"><audio controls src=\"https:\/\/icrspmaurice.org\/wp-content\/uploads\/2026\/01\/Minuit-Sermon-2025-converted.mp3\"><\/audio><\/figure>\n\n\n\n<p>IV\u00e8me dimanche de l&rsquo;Avent<\/p>\n\n\n\n<figure class=\"wp-block-audio\"><audio controls src=\"https:\/\/icrspmaurice.org\/wp-content\/uploads\/2026\/01\/4-avent-sermon-converted-1.mp3\"><\/audio><\/figure>\n\n\n\n<p>III\u00e8me dimanche de l&rsquo;Avent<\/p>\n\n\n\n<p>II\u00e8me dimanche de l&rsquo;Avent<\/p>\n\n\n\n<figure class=\"wp-block-audio\"><audio controls src=\"https:\/\/icrspmaurice.org\/wp-content\/uploads\/2026\/01\/2-avent-sermon-converted-3.mp3\"><\/audio><\/figure>\n\n\n\n<p>Ier dimanche de l&rsquo;Avent<\/p>\n\n\n\n<p>XXIV\u00e8me et dernier dimanche apr\u00e8s la Pentec\u00f4te<\/p>\n\n\n\n<figure class=\"wp-block-audio\"><audio controls src=\"https:\/\/icrspmaurice.org\/wp-content\/uploads\/2026\/01\/34eme-et-dernier-apres-la-Pentecote-converted.mp3\"><\/audio><\/figure>\n\n\n\n<p>XXIII\u00e8me dimanche apr\u00e8s la Pentec\u00f4te<\/p>\n\n\n\n<figure class=\"wp-block-audio\"><audio controls src=\"https:\/\/icrspmaurice.org\/wp-content\/uploads\/2026\/01\/33eme-2025-sermon-converted-6.mp3\"><\/audio><\/figure>\n\n\n\n<p>D\u00e9dicace de la Basilique du St Sauveur du Latran (XXII\u00e8me dimanche apr\u00e8s la Pentec\u00f4te)<\/p>\n\n\n\n<figure class=\"wp-block-audio\"><audio controls src=\"https:\/\/icrspmaurice.org\/wp-content\/uploads\/2025\/11\/Dedicace-Archibasilique-du-St-Sauveur-du-Latran.mp3\"><\/audio><\/figure>\n\n\n\n<p> Comm\u00e9moration de tous les fid\u00e8les d\u00e9funts<\/p>\n\n\n\n<figure class=\"wp-block-audio\"><audio controls src=\"https:\/\/icrspmaurice.org\/wp-content\/uploads\/2025\/11\/Defunts-2025.mp3\"><\/audio><\/figure>\n\n\n\n<p>XXI\u00e8me dimanche apr\u00e8s la Pentec\u00f4te<\/p>\n\n\n\n<figure class=\"wp-block-audio\"><audio controls src=\"https:\/\/icrspmaurice.org\/wp-content\/uploads\/2025\/11\/21eme-apres-la-Pentecote.mp3\"><\/audio><\/figure>\n\n\n\n<p>Toussaint<\/p>\n\n\n\n<figure class=\"wp-block-audio\"><audio controls src=\"https:\/\/icrspmaurice.org\/wp-content\/uploads\/2025\/11\/Toussaint-2025.mp3\"><\/audio><\/figure>\n\n\n\n<p>Christ Roi (XX\u00e8me dimanche apr\u00e8s la Pentec\u00f4te)<\/p>\n\n\n\n<figure class=\"wp-block-audio\"><audio controls src=\"https:\/\/icrspmaurice.org\/wp-content\/uploads\/2025\/11\/Christ-Roi-2025-1.mp3\"><\/audio><\/figure>\n\n\n\n<p>XIX\u00e8me dimanche apr\u00e8s la Pentec\u00f4te &#8211; Dimanche des Missions<\/p>\n\n\n\n<figure class=\"wp-block-audio\"><audio controls src=\"https:\/\/icrspmaurice.org\/wp-content\/uploads\/2025\/11\/Dimanche-des-Missions.mp3\"><\/audio><\/figure>\n\n\n\n<p>XVIII\u00e8me dimanche apr\u00e8s la Pentec\u00f4te<\/p>\n\n\n\n<p>Solennit\u00e9 ext\u00e9rieure de Notre-Dame du Saint Rosaire (XVII\u00e8me dimanche apr\u00e8s la Pentec\u00f4te)<\/p>\n\n\n\n<div class=\"wp-block-file\"><object class=\"wp-block-file__embed\" data=\"https:\/\/icrspmaurice.org\/wp-content\/uploads\/2025\/10\/Homelie-pour-la-Solennite-exterieur-du-Saint-Rosaire.pdf\" type=\"application\/pdf\" style=\"width:100%;height:600px\" aria-label=\"Contenu embarqu\u00e9 Homelie-pour-la-Solennite-exterieur-du-Saint-Rosaire.\"><\/object><a id=\"wp-block-file--media-ebdc2daa-8a9c-435a-a704-aff88ececc12\" href=\"https:\/\/icrspmaurice.org\/wp-content\/uploads\/2025\/10\/Homelie-pour-la-Solennite-exterieur-du-Saint-Rosaire.pdf\">Homelie-pour-la-Solennite-exterieur-du-Saint-Rosaire<\/a><a href=\"https:\/\/icrspmaurice.org\/wp-content\/uploads\/2025\/10\/Homelie-pour-la-Solennite-exterieur-du-Saint-Rosaire.pdf\" class=\"wp-block-file__button wp-element-button\" download aria-describedby=\"wp-block-file--media-ebdc2daa-8a9c-435a-a704-aff88ececc12\">T\u00e9l\u00e9charger<\/a><\/div>\n\n\n\n<div style=\"height:36px\" aria-hidden=\"true\" class=\"wp-block-spacer\"><\/div>\n\n\n\n<p>Solennit\u00e9 ext\u00e9rieure de Sainte Th\u00e9r\u00e8se de l&rsquo;Enfant-J\u00e9sus et de la sainte Face  | Co Patronne des Missions et Patronne secondaire de l&rsquo;ICRSP<\/p>\n\n\n\n<figure class=\"wp-block-audio\"><audio controls src=\"https:\/\/icrspmaurice.org\/wp-content\/uploads\/2025\/10\/Ste-Therese-de-lEnfant-Jesus.mp3\"><\/audio><\/figure>\n\n\n\n<p>XV\u00e8me dimanche apr\u00e8s la Pentec\u00f4te &#8211; Bx P\u00e8re Laval (Partie 2)<\/p>\n\n\n\n<figure class=\"wp-block-audio\"><audio controls src=\"https:\/\/icrspmaurice.org\/wp-content\/uploads\/2025\/09\/Sermon-Bx-Pere-Laval-2.dat_.mp3\"><\/audio><\/figure>\n\n\n\n<p>Exaltation de la Sainte Croix &#8211; Bx P\u00e8re Laval (Partie 1)<\/p>\n\n\n\n<figure class=\"wp-block-audio\"><audio controls src=\"https:\/\/icrspmaurice.org\/wp-content\/uploads\/2025\/09\/Sermon-Bx-Pere-Laval-Partie-1.mp3\"><\/audio><\/figure>\n\n\n\n<p>Instruction sur l&rsquo;Adoration eucharistique avec saints Carlo Acutis et Pier Giorgio Frassati<\/p>\n\n\n\n<figure class=\"wp-block-audio\"><audio controls src=\"https:\/\/icrspmaurice.org\/wp-content\/uploads\/2025\/09\/Instruction-Adoration-avec-Sts-Carlo-Acutis-et-Pier-Giorgio-Frassati.dat_.mp3\"><\/audio><\/figure>\n\n\n\n<p>XII\u00e8me dimanche apr\u00e8s la Pentec\u00f4te &#8211; Canonisations des saints Carlo Acutis et Pier Giorgio Frassati<\/p>\n\n\n\n<p><\/p>\n\n\n\n<p>F\u00eate de saints Pierre et Paul<\/p>\n\n\n\n<figure class=\"wp-block-audio\"><audio controls src=\"https:\/\/icrspmaurice.org\/wp-content\/uploads\/2025\/10\/Sermon-Ss.-Pierre-et-Paul-2025.mp3\"><\/audio><\/figure>\n\n\n\n<p>Dimanche du Bon Pasteur<\/p>\n\n\n\n<figure class=\"wp-block-audio\"><audio controls src=\"https:\/\/icrspmaurice.org\/wp-content\/uploads\/2025\/10\/Dimanche-du-Bon-Pasteur-2025-1.mp3\"><\/audio><\/figure>\n\n\n\n<p>1er dimanche apr\u00e8s P\u00e2ques<\/p>\n\n\n\n<figure class=\"wp-block-audio\"><audio controls src=\"https:\/\/icrspmaurice.org\/wp-content\/uploads\/2025\/10\/1er-dimanche-apres-Paques-2.mp3\"><\/audio><\/figure>\n\n\n\n<p>Mercredi des Cendres<\/p>\n\n\n\n<p>Dimanche de la quinquag\u00e9sime<\/p>\n\n\n\n<p>Dimanche de la sexag\u00e9sime (Chanoine A. Montjean)<\/p>\n\n\n\n<p>Dimanche de la septuag\u00e9sime ( Chanoine A. Montjean)<\/p>\n\n\n\n<p>5\u00e8me dimanche apr\u00e8s l&rsquo;Epiphanie<\/p>\n\n\n\n<p>Purification de la T. Ste Vierge Marie<\/p>\n\n\n\n<p>F\u00eate de St Fran\u00e7ois de Sales  &#8211; mercredi 29 septembre<\/p>\n\n\n\n<figure class=\"wp-block-audio\"><audio controls src=\"https:\/\/icrspmaurice.org\/wp-content\/uploads\/2025\/03\/Sermon-FdS-29-janvier-2025.mp3\"><\/audio><\/figure>\n\n\n\n<p>3\u00e8me dimanche apr\u00e8s l&rsquo;Epiphanie &#8211; Solennit\u00e9 Ext\u00e9rieur de saint Fran\u00e7ois de Sales<\/p>\n\n\n\n<figure class=\"wp-block-audio\"><audio controls src=\"https:\/\/icrspmaurice.org\/wp-content\/uploads\/2025\/10\/SERMON-Sol-Ext-FdS-26-janvier-2025.mp3\"><\/audio><\/figure>\n\n\n\n<p>2\u00e8me dimanche apr\u00e8s l&rsquo;Epiphanie<\/p>\n\n\n\n<p>Sainte famille<\/p>\n\n\n\n<p id=\"block-ef89270d-0bf8-4d6f-8b08-c1448dde8058\">Tr\u00e8s Saint Nom de J\u00e9sus<\/p>\n\n\n\n<p><\/p>\n","protected":false},"excerpt":{"rendered":"<p>Dimanche dans l&rsquo;Octave de la Nativit\u00e9 Nativit\u00e9 &#8211; Messe du jour Nativit\u00e9 &#8211; Messe de la nuit IV\u00e8me dimanche de l&rsquo;Avent III\u00e8me dimanche de l&rsquo;Avent II\u00e8me dimanche de l&rsquo;Avent Ier dimanche de l&rsquo;Avent XXIV\u00e8me et dernier dimanche apr\u00e8s la Pentec\u00f4te XXIII\u00e8me dimanche apr\u00e8s la Pentec\u00f4te D\u00e9dicace de la Basilique du St Sauveur du Latran (XXII\u00e8me &#8230; <a title=\"Enregistrement des sermons 2025 aD\" class=\"read-more\" href=\"https:\/\/icrspmaurice.org\/index.php\/enregistrement-des-sermons-2025-ad\/\" aria-label=\"En savoir plus sur Enregistrement des sermons 2025 aD\">Lire la suite<\/a><\/p>\n","protected":false},"author":3,"featured_media":0,"parent":0,"menu_order":0,"comment_status":"closed","ping_status":"closed","template":"","meta":{"ngg_post_thumbnail":0,"footnotes":"","_links_to":"","_links_to_target":""},"yoast_head":"<!-- This site is optimized with the Yoast SEO plugin v22.6 - https:\/\/yoast.com\/wordpress\/plugins\/seo\/ -->\n<title>Enregistrement des sermons 2025 aD - ICRSP MAURICE<\/title>\n<meta name=\"robots\" content=\"index, follow, max-snippet:-1, max-image-preview:large, max-video-preview:-1\" \/>\n<link rel=\"canonical\" href=\"https:\/\/icrspmaurice.org\/index.php\/enregistrement-des-sermons-2025-ad\/\" \/>\n<meta property=\"og:locale\" content=\"fr_FR\" \/>\n<meta property=\"og:type\" content=\"article\" \/>\n<meta property=\"og:title\" content=\"Enregistrement des sermons 2025 aD - ICRSP MAURICE\" \/>\n<meta property=\"og:description\" content=\"Dimanche dans l&rsquo;Octave de la Nativit\u00e9 Nativit\u00e9 &#8211; Messe du jour Nativit\u00e9 &#8211; Messe de la nuit IV\u00e8me dimanche de l&rsquo;Avent III\u00e8me dimanche de l&rsquo;Avent II\u00e8me dimanche de l&rsquo;Avent Ier dimanche de l&rsquo;Avent XXIV\u00e8me et dernier dimanche apr\u00e8s la Pentec\u00f4te XXIII\u00e8me dimanche apr\u00e8s la Pentec\u00f4te D\u00e9dicace de la Basilique du St Sauveur du Latran (XXII\u00e8me ... Lire la suite\" \/>\n<meta property=\"og:url\" content=\"https:\/\/icrspmaurice.org\/index.php\/enregistrement-des-sermons-2025-ad\/\" \/>\n<meta property=\"og:site_name\" content=\"ICRSP MAURICE\" \/>\n<meta property=\"article:modified_time\" content=\"2026-01-12T12:24:47+00:00\" \/>\n<meta name=\"twitter:card\" content=\"summary_large_image\" \/>\n<meta name=\"twitter:label1\" content=\"Dur\u00e9e de lecture estim\u00e9e\" \/>\n\t<meta name=\"twitter:data1\" content=\"2 minutes\" \/>\n<script type=\"application\/ld+json\" class=\"yoast-schema-graph\">{\"@context\":\"https:\/\/schema.org\",\"@graph\":[{\"@type\":\"WebPage\",\"@id\":\"https:\/\/icrspmaurice.org\/index.php\/enregistrement-des-sermons-2025-ad\/\",\"url\":\"https:\/\/icrspmaurice.org\/index.php\/enregistrement-des-sermons-2025-ad\/\",\"name\":\"Enregistrement des sermons 2025 aD - ICRSP MAURICE\",\"isPartOf\":{\"@id\":\"https:\/\/icrspmaurice.org\/#website\"},\"datePublished\":\"2025-03-03T12:15:04+00:00\",\"dateModified\":\"2026-01-12T12:24:47+00:00\",\"breadcrumb\":{\"@id\":\"https:\/\/icrspmaurice.org\/index.php\/enregistrement-des-sermons-2025-ad\/#breadcrumb\"},\"inLanguage\":\"fr-FR\",\"potentialAction\":[{\"@type\":\"ReadAction\",\"target\":[\"https:\/\/icrspmaurice.org\/index.php\/enregistrement-des-sermons-2025-ad\/\"]}]},{\"@type\":\"BreadcrumbList\",\"@id\":\"https:\/\/icrspmaurice.org\/index.php\/enregistrement-des-sermons-2025-ad\/#breadcrumb\",\"itemListElement\":[{\"@type\":\"ListItem\",\"position\":1,\"name\":\"Accueil\",\"item\":\"https:\/\/icrspmaurice.org\/\"},{\"@type\":\"ListItem\",\"position\":2,\"name\":\"Enregistrement des sermons 2025 aD\"}]},{\"@type\":\"WebSite\",\"@id\":\"https:\/\/icrspmaurice.org\/#website\",\"url\":\"https:\/\/icrspmaurice.org\/\",\"name\":\"ICRSP MAURICE\",\"description\":\"Ile Maurice\",\"publisher\":{\"@id\":\"https:\/\/icrspmaurice.org\/#organization\"},\"potentialAction\":[{\"@type\":\"SearchAction\",\"target\":{\"@type\":\"EntryPoint\",\"urlTemplate\":\"https:\/\/icrspmaurice.org\/?s={search_term_string}\"},\"query-input\":\"required name=search_term_string\"}],\"inLanguage\":\"fr-FR\"},{\"@type\":\"Organization\",\"@id\":\"https:\/\/icrspmaurice.org\/#organization\",\"name\":\"ICRSP MAURICE\",\"url\":\"https:\/\/icrspmaurice.org\/\",\"logo\":{\"@type\":\"ImageObject\",\"inLanguage\":\"fr-FR\",\"@id\":\"https:\/\/icrspmaurice.org\/#\/schema\/logo\/image\/\",\"url\":\"https:\/\/icrspmaurice.org\/wp-content\/uploads\/2021\/08\/Institute-Crest.png\",\"contentUrl\":\"https:\/\/icrspmaurice.org\/wp-content\/uploads\/2021\/08\/Institute-Crest.png\",\"width\":288,\"height\":335,\"caption\":\"ICRSP MAURICE\"},\"image\":{\"@id\":\"https:\/\/icrspmaurice.org\/#\/schema\/logo\/image\/\"}}]}<\/script>\n<!-- \/ Yoast SEO plugin. -->","yoast_head_json":{"title":"Enregistrement des sermons 2025 aD - ICRSP MAURICE","robots":{"index":"index","follow":"follow","max-snippet":"max-snippet:-1","max-image-preview":"max-image-preview:large","max-video-preview":"max-video-preview:-1"},"canonical":"https:\/\/icrspmaurice.org\/index.php\/enregistrement-des-sermons-2025-ad\/","og_locale":"fr_FR","og_type":"article","og_title":"Enregistrement des sermons 2025 aD - ICRSP MAURICE","og_description":"Dimanche dans l&rsquo;Octave de la Nativit\u00e9 Nativit\u00e9 &#8211; Messe du jour Nativit\u00e9 &#8211; Messe de la nuit IV\u00e8me dimanche de l&rsquo;Avent III\u00e8me dimanche de l&rsquo;Avent II\u00e8me dimanche de l&rsquo;Avent Ier dimanche de l&rsquo;Avent XXIV\u00e8me et dernier dimanche apr\u00e8s la Pentec\u00f4te XXIII\u00e8me dimanche apr\u00e8s la Pentec\u00f4te D\u00e9dicace de la Basilique du St Sauveur du Latran (XXII\u00e8me ... Lire la suite","og_url":"https:\/\/icrspmaurice.org\/index.php\/enregistrement-des-sermons-2025-ad\/","og_site_name":"ICRSP MAURICE","article_modified_time":"2026-01-12T12:24:47+00:00","twitter_card":"summary_large_image","twitter_misc":{"Dur\u00e9e de lecture estim\u00e9e":"2 minutes"},"schema":{"@context":"https:\/\/schema.org","@graph":[{"@type":"WebPage","@id":"https:\/\/icrspmaurice.org\/index.php\/enregistrement-des-sermons-2025-ad\/","url":"https:\/\/icrspmaurice.org\/index.php\/enregistrement-des-sermons-2025-ad\/","name":"Enregistrement des sermons 2025 aD - ICRSP MAURICE","isPartOf":{"@id":"https:\/\/icrspmaurice.org\/#website"},"datePublished":"2025-03-03T12:15:04+00:00","dateModified":"2026-01-12T12:24:47+00:00","breadcrumb":{"@id":"https:\/\/icrspmaurice.org\/index.php\/enregistrement-des-sermons-2025-ad\/#breadcrumb"},"inLanguage":"fr-FR","potentialAction":[{"@type":"ReadAction","target":["https:\/\/icrspmaurice.org\/index.php\/enregistrement-des-sermons-2025-ad\/"]}]},{"@type":"BreadcrumbList","@id":"https:\/\/icrspmaurice.org\/index.php\/enregistrement-des-sermons-2025-ad\/#breadcrumb","itemListElement":[{"@type":"ListItem","position":1,"name":"Accueil","item":"https:\/\/icrspmaurice.org\/"},{"@type":"ListItem","position":2,"name":"Enregistrement des sermons 2025 aD"}]},{"@type":"WebSite","@id":"https:\/\/icrspmaurice.org\/#website","url":"https:\/\/icrspmaurice.org\/","name":"ICRSP MAURICE","description":"Ile Maurice","publisher":{"@id":"https:\/\/icrspmaurice.org\/#organization"},"potentialAction":[{"@type":"SearchAction","target":{"@type":"EntryPoint","urlTemplate":"https:\/\/icrspmaurice.org\/?s={search_term_string}"},"query-input":"required name=search_term_string"}],"inLanguage":"fr-FR"},{"@type":"Organization","@id":"https:\/\/icrspmaurice.org\/#organization","name":"ICRSP MAURICE","url":"https:\/\/icrspmaurice.org\/","logo":{"@type":"ImageObject","inLanguage":"fr-FR","@id":"https:\/\/icrspmaurice.org\/#\/schema\/logo\/image\/","url":"https:\/\/icrspmaurice.org\/wp-content\/uploads\/2021\/08\/Institute-Crest.png","contentUrl":"https:\/\/icrspmaurice.org\/wp-content\/uploads\/2021\/08\/Institute-Crest.png","width":288,"height":335,"caption":"ICRSP MAURICE"},"image":{"@id":"https:\/\/icrspmaurice.org\/#\/schema\/logo\/image\/"}}]}},"_links":{"self":[{"href":"https:\/\/icrspmaurice.org\/index.php\/wp-json\/wp\/v2\/pages\/1713"}],"collection":[{"href":"https:\/\/icrspmaurice.org\/index.php\/wp-json\/wp\/v2\/pages"}],"about":[{"href":"https:\/\/icrspmaurice.org\/index.php\/wp-json\/wp\/v2\/types\/page"}],"author":[{"embeddable":true,"href":"https:\/\/icrspmaurice.org\/index.php\/wp-json\/wp\/v2\/users\/3"}],"replies":[{"embeddable":true,"href":"https:\/\/icrspmaurice.org\/index.php\/wp-json\/wp\/v2\/comments?post=1713"}],"version-history":[{"count":26,"href":"https:\/\/icrspmaurice.org\/index.php\/wp-json\/wp\/v2\/pages\/1713\/revisions"}],"predecessor-version":[{"id":1924,"href":"https:\/\/icrspmaurice.org\/index.php\/wp-json\/wp\/v2\/pages\/1713\/revisions\/1924"}],"wp:attachment":[{"href":"https:\/\/icrspmaurice.org\/index.php\/wp-json\/wp\/v2\/media?parent=1713"}],"curies":[{"name":"wp","href":"https:\/\/api.w.org\/{rel}","templated":true}]}}