{"id":1792,"date":"2025-09-10T11:29:21","date_gmt":"2025-09-10T09:29:21","guid":{"rendered":"https:\/\/icrspmaurice.org\/?page_id=1792"},"modified":"2025-10-07T17:01:51","modified_gmt":"2025-10-07T15:01:51","slug":"prieres","status":"publish","type":"page","link":"https:\/\/icrspmaurice.org\/index.php\/prieres\/","title":{"rendered":"Pri\u00e8res"},"content":{"rendered":"\n<h2 class=\"wp-block-heading\">Comment bien dire le Pater et l&rsquo;Ave selon saint Louis Marie Grignon de Montfort<\/h2>\n\n\n\n<p>Notre P\u00e8re qui \u00eates aux Cieux\u00a0|\u00a0que Votre Nom soit sanctifi\u00e9\u00a0| \u00a0que Votre r\u00e8gne arrive\u00a0| \u00a0que Votre volont\u00e9 soit faite\u00a0|\u00a0sur la terre comme au ciel  | Donnez-nous aujourd&rsquo;hui\u00a0|\u00a0notre pain de ce jour\u00a0|\u00a0et pardonnez-nous nos offenses\u00a0| \u00a0comme nous pardonnons \u00e0 ceux qui nous ont offens\u00e9s\u00a0| \u00a0et ne nous laissez pas entrer en tentation\u00a0| \u00a0mais d\u00e9livrez-nous du mal. Amen.<\/p>\n\n\n\n<p>Je vous salue, Marie, pleine de gr\u00e2ce\u00a0| \u00a0le Seigneur est avec Vous\u00a0| \u00a0Vous \u00eates b\u00e9nie entre toutes les femmes\u00a0|\u00a0et J\u00e9sus le fruit de Vos entrailles est b\u00e9ni. | Sainte Marie, M\u00e8re de Dieu\u00a0| \u00a0priez pour nous pauvres p\u00e9cheurs, maintenant\u00a0|\u00a0et \u00e0 l&rsquo;heure de notre mort. Amen.<\/p>\n\n\n\n<h2 class=\"wp-block-heading\">Pri\u00e8re de St Fran\u00e7ois de Sales \u00e0 saint Joseph<\/h2>\n\n\n\n<p>Glorieux Saint Joseph, \u00e9poux de Marie, accordez-vous votre protection paternelle, nous vous en supplions par le c\u0153ur de J\u00e9sus-Christ. O vous, dont la puissance infinie s&rsquo;\u00e9tend \u00e0 toutes nos n\u00e9cessit\u00e9s et sait nous rendre possibles les choses les plus impossibles, ouvrez vos yeux de P\u00e8re sur les int\u00e9r\u00eats de vos enfants. Dans l&#8217;embarras et la peine qui nous pressent, nous recourons \u00e0 vous avec confiance; daignez prendre sous votre charitable conduite cette affaire importante et difficile, cause de nos inqui\u00e9tudes. Faites que son heureuse issue tourne \u00e0 la gloire de Dieu et au bien de ses d\u00e9vou\u00e9s serviteurs. Ainsi soit-il <\/p>\n\n\n\n<h2 class=\"wp-block-heading\">Pri\u00e8re de St Fran\u00e7ois de Sales \u00e0 Notre-Dame<\/h2>\n\n\n\n<p>&nbsp;Ayez m\u00e9moire et souvenance, tr\u00e8s douce Vierge, que vous \u00eates ma M\u00e8re et que je suis votre fils&nbsp;; que vous \u00eates puissante et que je suis un pauvre homme vil et faible. Je vous supplie, tr\u00e8s douce M\u00e8re, que vous me gouverniez et me d\u00e9fendiez dans toutes mes voies et actions. Ne dites pas, gracieuse Vierge, que vous ne pouvez&nbsp;; car votre bien-aim\u00e9 Fils vous a donn\u00e9 tout pouvoir, tant au ciel comme en la terre. Ne dites pas que vous ne devez&nbsp;; car vous \u00eates la commune M\u00e8re de tous les pauvres humains et particuli\u00e8rement la mienne. Si vous ne pouviez, je vous excuserais disant&nbsp;: il est vrai qu&rsquo;elle est ma m\u00e8re et qu&rsquo;elle me ch\u00e9rit comme son fils, mais la pauvrette manque d&rsquo;avoir et de pouvoir. Si vous n&rsquo;\u00e9tiez ma M\u00e8re, avec raison je patienterais disant&nbsp;: elle est bien assez riche pour m&rsquo;assister&nbsp;; mais h\u00e9las, n&rsquo;\u00e9tant pas ma m\u00e8re, elle ne m&rsquo;aime pas. Puis donc, tr\u00e8s douce Vierge, que vous \u00eates ma M\u00e8re et que vous \u00eates puissante, comment vous excuserais-je si vous ne me soulagez et ne me pr\u00eatez votre secours et assistance&nbsp;? Vous voyez, ma M\u00e8re, que vous \u00eates contrainte d&rsquo;acquiescer \u00e0 toutes mes demandes. Pour l&rsquo;honneur et la gloire de votre Fils, acceptez-moi comme votre enfant, sans avoir \u00e9gard \u00e0 mes mis\u00e8res et p\u00e9ch\u00e9s. D\u00e9livrez mon \u00e2me et mon corps de tout mal et me donnez toutes vos vertus, surtout l&rsquo;humilit\u00e9. Enfin, faites-moi pr\u00e9sent de tous les dons, biens et gr\u00e2ces, qui plaisent \u00e0 la Sainte Trinit\u00e9, P\u00e8re, Fils et Saint-Esprit. Ainsi soit-il.<\/p>\n\n\n\n<h2 class=\"wp-block-heading\">Pri\u00e8re \u00e0 saint Jean Ap\u00f4tre<\/h2>\n\n\n\n<p>\u00d4 glorieux Ap\u00f4tre qui, par votre puret\u00e9 virginale, avez \u00e9t\u00e9 si cher \u00e0 J\u00e9sus que vous avez m\u00e9rit\u00e9 de reposer votre t\u00eate sur sa Divine poitrine, et d\u2019\u00eatre, par Lui et en Sa place, donn\u00e9 comme fils \u00e0 Sa Tr\u00e8s Sainte M\u00e8re, je vous supplie de mettre en mon c\u0153ur le plus vif amour pour J\u00e9sus et pour Marie.<br>Obtenez moi, je vous prie, du Seigneur, que moi aussi, avec un c\u0153ur pur de toute affection terrestre, je sois digne d\u2019\u00eatre toujours ici-bas uni \u00e0 J\u00e9sus, comme fid\u00e8le disciple, et \u00e0 Marie, comme un fils d\u00e9vou\u00e9, afin de Leur rester \u00e9ternellement uni dans le Ciel. Ainsi soit-il.<\/p>\n\n\n\n<h2 class=\"wp-block-heading\">Couronne \u00e0 Notre-Dame par saint Philippe Benizi (1203-1285)<\/h2>\n\n\n\n<div class=\"wp-block-file\"><object class=\"wp-block-file__embed\" data=\"https:\/\/icrspmaurice.org\/wp-content\/uploads\/2025\/10\/Couronne-a-ND-St-Ph2.pdf\" type=\"application\/pdf\" style=\"width:100%;height:600px\" aria-label=\"Contenu embarqu\u00e9 Couronne-a-ND-St-Ph2.\"><\/object><a id=\"wp-block-file--media-99e2077b-4d02-4bf6-a3e0-4f7260b30354\" href=\"https:\/\/icrspmaurice.org\/wp-content\/uploads\/2025\/10\/Couronne-a-ND-St-Ph2.pdf\">Couronne-a-ND-St-Ph2<\/a><a href=\"https:\/\/icrspmaurice.org\/wp-content\/uploads\/2025\/10\/Couronne-a-ND-St-Ph2.pdf\" class=\"wp-block-file__button wp-element-button\" download aria-describedby=\"wp-block-file--media-99e2077b-4d02-4bf6-a3e0-4f7260b30354\">T\u00e9l\u00e9charger<\/a><\/div>\n\n\n\n<div style=\"height:32px\" aria-hidden=\"true\" class=\"wp-block-spacer\"><\/div>\n\n\n\n<h2 class=\"wp-block-heading\">Pri\u00e8re \u00e0 Sainte Agn\u00e8s de Rome&nbsp;(290-303)<\/h2>\n\n\n\n<p>&nbsp;Je Vous b\u00e9nis, \u00f4 Vous P\u00e8re de mon Dieu et Seigneur J\u00e9sus-Christ qui, \u00e0 cause de votre Fils bien-aim\u00e9, emp\u00eachez les flammes de me faire aucun mal. Dieu tout Puissant et Redoutable, seul digne d&rsquo;\u00eatre ador\u00e9 et servi, soyez b\u00e9ni&nbsp;! Je glorifierai \u00e0 jamais votre Nom parce que par les m\u00e9rites de votre Fils unique, Vous m\u2019avez fait la Gr\u00e2ce de triompher de toutes les menaces des hommes impies et de passer par les sentiers les plus fangeux, par toutes les immondices du d\u00e9mon, sans contracter aucune souillure. Soyez b\u00e9ni, mon Dieu&nbsp;: mes l\u00e8vres confessent votre Nom, mon c\u0153ur est enflamm\u00e9 de votre Amour&nbsp;: puiss\u00e8-je voler dans vos Bras&nbsp;! Ainsi soit-il.&nbsp;<\/p>\n\n\n\n<h2 class=\"wp-block-heading\">Pri\u00e8re du Bienheureux Fr\u00e8re Gilles d&rsquo;Assise&nbsp;(1190-1262)<\/h2>\n\n\n\n<p>\u00d4 mon Seigneur J\u00e9sus-Christ, que la Saintet\u00e9 et la Puret\u00e9 ont d&rsquo;excellence, que ces vertus toutes c\u00e9lestes ont de charmes et d&rsquo;attraits&nbsp;! Quelles Gr\u00e2ces ne faites-Vous pas \u00e0 ceux qui les poss\u00e8dent&nbsp;! Quelle place ne leur donnez-Vous pas en la compagnie des anges&nbsp;! Quelle r\u00e9compense ne leur pr\u00e9parez-Vous pas dans la Gloire \u00e9ternelle&nbsp;! Que ces \u00e2mes Vous sont agr\u00e9ables, \u00f4 mon Dieu, que votre Amour est grand pour ceux qui se s\u00e9parent de toutes les choses de la terre, et qui quittent p\u00e8re, m\u00e8re, parents, amis et toutes les autres choses cr\u00e9\u00e9es, pour votre Gloire&nbsp;! Ainsi soit-il.<\/p>\n\n\n\n<h2 class=\"wp-block-heading has-contrast-color has-text-color\">Pri\u00e8re de Saint Vincent Pallotti pour les vocations<\/h2>\n\n\n\n<p>Seigneur J\u00e9sus-Christ, vous qui f\u00fbtes ob\u00e9issant jusqu&rsquo;\u00e0 la mort pour le salut des \u00e2mes, vous qui avez dit \u00e0 vos ap\u00f4tres&nbsp;: \u00ab&nbsp;Priez le Ma\u00eetre de la moisson d&rsquo;envoyer des ouvriers \u00e0 Sa moisson \u00bb, aidez-nous, nous vous en supplions, \u00e0 r\u00e9citer cette pri\u00e8re avec les sentiments que vous avais quand vous vous adressez \u00e0 votre P\u00e8re&nbsp;: Christ, Sauveur des hommes, envoyez des ouvriers \u00e0 votre Moisson. Christ, Espoir et Salut de tous les hommes, envoyez des ouvriers \u00e0 votre Moisson. Christ, Seigneur et Ma\u00eetre de tous les hommes, envoyez des ouvriers \u00e0 votre moisson. Christ, Voie et V\u00e9rit\u00e9 de tous les hommes, envoyez des ouvriers \u00e0 votre Moisson. Christ, Message de l&rsquo;Evangile au monde entier, envoyez des ouvriers \u00e0 votre Moisson. Christ, qui de vos Ap\u00f4tres, avez fait des p\u00eacheurs d&rsquo;hommes, envoyez des ouvriers \u00e0 votre Moisson. Christ, qui a voulu que vos Disciples soient la Lumi\u00e8re du Monde, envoyez des ouvriers \u00e0 votre Moisson. Christ, qui avez envoy\u00e9 dans vos vignes les ouvriers de la onzi\u00e8me heure, envoyez des ouvriers \u00e0 votre Moisson. Christ, qui envoyez vos Disciples o\u00f9 vous devais vous rendre, envoyez des ouvriers \u00e0 votre Moisson. Christ, qui les avez envoy\u00e9s annoncer l&rsquo;Evangile au monde entier, envoyez des ouvriers \u00e0 votre Moisson. Christ, qui fis de votre M\u00e8re Immacul\u00e9e la Reine des Ap\u00f4tres, envoyez des ouvriers \u00e0 votre Moisson. Ainsi soit-il.&nbsp;<\/p>\n\n\n\n<h2 class=\"wp-block-heading\">Pri\u00e8re enseign\u00e9e par l\u2019ange de Fatima en 1916<\/h2>\n\n\n\n<p>Mon Dieu, je crois, j\u2019adore, j\u2019esp\u00e8re et je vous aime. Je vous demande pardon pour ceux qui ne croient pas, n\u2019adorent pas, n\u2019esp\u00e8rent pas et ne vous aiment pas.&nbsp;<\/p>\n\n\n\n<h2 class=\"wp-block-heading\">Autre pri\u00e8re enseign\u00e9e par l\u2019ange de Fatima en 1916&nbsp;:<\/h2>\n\n\n\n<p>Tr\u00e8s Sainte Trinit\u00e9, P\u00e8re, Fils et Saint-Esprit, je Vous adore profond\u00e9ment, et je Vous offre le tr\u00e8s pr\u00e9cieux Corps, Sang, \u00c2me et Divinit\u00e9 de J\u00e9sus-Christ, pr\u00e9sent dans tous les tabernacles de la terre, en r\u00e9paration des outrages, sacril\u00e8ges et indiff\u00e9rences par lesquels il est Lui-m\u00eame offens\u00e9. Par les m\u00e9rites infinis de son tr\u00e8s Saint C\u0153ur et du C\u0153ur Immacul\u00e9 de Marie, je Vous demande la conversion des pauvres p\u00e9cheurs.<\/p>\n\n\n\n<p><\/p>\n","protected":false},"excerpt":{"rendered":"<p>Comment bien dire le Pater et l&rsquo;Ave selon saint Louis Marie Grignon de Montfort Notre P\u00e8re qui \u00eates aux Cieux\u00a0|\u00a0que Votre Nom soit sanctifi\u00e9\u00a0| \u00a0que Votre r\u00e8gne arrive\u00a0| \u00a0que Votre volont\u00e9 soit faite\u00a0|\u00a0sur la terre comme au ciel | Donnez-nous aujourd&rsquo;hui\u00a0|\u00a0notre pain de ce jour\u00a0|\u00a0et pardonnez-nous nos offenses\u00a0| \u00a0comme nous pardonnons \u00e0 ceux qui nous &#8230; <a title=\"Pri\u00e8res\" class=\"read-more\" href=\"https:\/\/icrspmaurice.org\/index.php\/prieres\/\" aria-label=\"En savoir plus sur Pri\u00e8res\">Lire la suite<\/a><\/p>\n","protected":false},"author":3,"featured_media":0,"parent":0,"menu_order":0,"comment_status":"closed","ping_status":"closed","template":"","meta":{"ngg_post_thumbnail":0,"footnotes":"","_links_to":"","_links_to_target":""},"yoast_head":"<!-- This site is optimized with the Yoast SEO plugin v22.6 - https:\/\/yoast.com\/wordpress\/plugins\/seo\/ -->\n<title>Pri\u00e8res - ICRSP MAURICE<\/title>\n<meta name=\"robots\" content=\"index, follow, max-snippet:-1, max-image-preview:large, max-video-preview:-1\" \/>\n<link rel=\"canonical\" href=\"https:\/\/icrspmaurice.org\/index.php\/prieres\/\" \/>\n<meta property=\"og:locale\" content=\"fr_FR\" \/>\n<meta property=\"og:type\" content=\"article\" \/>\n<meta property=\"og:title\" content=\"Pri\u00e8res - ICRSP MAURICE\" \/>\n<meta property=\"og:description\" content=\"Comment bien dire le Pater et l&rsquo;Ave selon saint Louis Marie Grignon de Montfort Notre P\u00e8re qui \u00eates aux Cieux\u00a0|\u00a0que Votre Nom soit sanctifi\u00e9\u00a0| \u00a0que Votre r\u00e8gne arrive\u00a0| \u00a0que Votre volont\u00e9 soit faite\u00a0|\u00a0sur la terre comme au ciel | Donnez-nous aujourd&rsquo;hui\u00a0|\u00a0notre pain de ce jour\u00a0|\u00a0et pardonnez-nous nos offenses\u00a0| \u00a0comme nous pardonnons \u00e0 ceux qui nous ... Lire la suite\" \/>\n<meta property=\"og:url\" content=\"https:\/\/icrspmaurice.org\/index.php\/prieres\/\" \/>\n<meta property=\"og:site_name\" content=\"ICRSP MAURICE\" \/>\n<meta property=\"article:modified_time\" content=\"2025-10-07T15:01:51+00:00\" \/>\n<meta name=\"twitter:card\" content=\"summary_large_image\" \/>\n<meta name=\"twitter:label1\" content=\"Dur\u00e9e de lecture estim\u00e9e\" \/>\n\t<meta name=\"twitter:data1\" content=\"7 minutes\" \/>\n<script type=\"application\/ld+json\" class=\"yoast-schema-graph\">{\"@context\":\"https:\/\/schema.org\",\"@graph\":[{\"@type\":\"WebPage\",\"@id\":\"https:\/\/icrspmaurice.org\/index.php\/prieres\/\",\"url\":\"https:\/\/icrspmaurice.org\/index.php\/prieres\/\",\"name\":\"Pri\u00e8res - ICRSP MAURICE\",\"isPartOf\":{\"@id\":\"https:\/\/icrspmaurice.org\/#website\"},\"datePublished\":\"2025-09-10T09:29:21+00:00\",\"dateModified\":\"2025-10-07T15:01:51+00:00\",\"breadcrumb\":{\"@id\":\"https:\/\/icrspmaurice.org\/index.php\/prieres\/#breadcrumb\"},\"inLanguage\":\"fr-FR\",\"potentialAction\":[{\"@type\":\"ReadAction\",\"target\":[\"https:\/\/icrspmaurice.org\/index.php\/prieres\/\"]}]},{\"@type\":\"BreadcrumbList\",\"@id\":\"https:\/\/icrspmaurice.org\/index.php\/prieres\/#breadcrumb\",\"itemListElement\":[{\"@type\":\"ListItem\",\"position\":1,\"name\":\"Accueil\",\"item\":\"https:\/\/icrspmaurice.org\/\"},{\"@type\":\"ListItem\",\"position\":2,\"name\":\"Pri\u00e8res\"}]},{\"@type\":\"WebSite\",\"@id\":\"https:\/\/icrspmaurice.org\/#website\",\"url\":\"https:\/\/icrspmaurice.org\/\",\"name\":\"ICRSP MAURICE\",\"description\":\"Ile Maurice\",\"publisher\":{\"@id\":\"https:\/\/icrspmaurice.org\/#organization\"},\"potentialAction\":[{\"@type\":\"SearchAction\",\"target\":{\"@type\":\"EntryPoint\",\"urlTemplate\":\"https:\/\/icrspmaurice.org\/?s={search_term_string}\"},\"query-input\":\"required name=search_term_string\"}],\"inLanguage\":\"fr-FR\"},{\"@type\":\"Organization\",\"@id\":\"https:\/\/icrspmaurice.org\/#organization\",\"name\":\"ICRSP MAURICE\",\"url\":\"https:\/\/icrspmaurice.org\/\",\"logo\":{\"@type\":\"ImageObject\",\"inLanguage\":\"fr-FR\",\"@id\":\"https:\/\/icrspmaurice.org\/#\/schema\/logo\/image\/\",\"url\":\"https:\/\/icrspmaurice.org\/wp-content\/uploads\/2021\/08\/Institute-Crest.png\",\"contentUrl\":\"https:\/\/icrspmaurice.org\/wp-content\/uploads\/2021\/08\/Institute-Crest.png\",\"width\":288,\"height\":335,\"caption\":\"ICRSP MAURICE\"},\"image\":{\"@id\":\"https:\/\/icrspmaurice.org\/#\/schema\/logo\/image\/\"}}]}<\/script>\n<!-- \/ Yoast SEO plugin. -->","yoast_head_json":{"title":"Pri\u00e8res - ICRSP MAURICE","robots":{"index":"index","follow":"follow","max-snippet":"max-snippet:-1","max-image-preview":"max-image-preview:large","max-video-preview":"max-video-preview:-1"},"canonical":"https:\/\/icrspmaurice.org\/index.php\/prieres\/","og_locale":"fr_FR","og_type":"article","og_title":"Pri\u00e8res - ICRSP MAURICE","og_description":"Comment bien dire le Pater et l&rsquo;Ave selon saint Louis Marie Grignon de Montfort Notre P\u00e8re qui \u00eates aux Cieux\u00a0|\u00a0que Votre Nom soit sanctifi\u00e9\u00a0| \u00a0que Votre r\u00e8gne arrive\u00a0| \u00a0que Votre volont\u00e9 soit faite\u00a0|\u00a0sur la terre comme au ciel | Donnez-nous aujourd&rsquo;hui\u00a0|\u00a0notre pain de ce jour\u00a0|\u00a0et pardonnez-nous nos offenses\u00a0| \u00a0comme nous pardonnons \u00e0 ceux qui nous ... Lire la suite","og_url":"https:\/\/icrspmaurice.org\/index.php\/prieres\/","og_site_name":"ICRSP MAURICE","article_modified_time":"2025-10-07T15:01:51+00:00","twitter_card":"summary_large_image","twitter_misc":{"Dur\u00e9e de lecture estim\u00e9e":"7 minutes"},"schema":{"@context":"https:\/\/schema.org","@graph":[{"@type":"WebPage","@id":"https:\/\/icrspmaurice.org\/index.php\/prieres\/","url":"https:\/\/icrspmaurice.org\/index.php\/prieres\/","name":"Pri\u00e8res - ICRSP MAURICE","isPartOf":{"@id":"https:\/\/icrspmaurice.org\/#website"},"datePublished":"2025-09-10T09:29:21+00:00","dateModified":"2025-10-07T15:01:51+00:00","breadcrumb":{"@id":"https:\/\/icrspmaurice.org\/index.php\/prieres\/#breadcrumb"},"inLanguage":"fr-FR","potentialAction":[{"@type":"ReadAction","target":["https:\/\/icrspmaurice.org\/index.php\/prieres\/"]}]},{"@type":"BreadcrumbList","@id":"https:\/\/icrspmaurice.org\/index.php\/prieres\/#breadcrumb","itemListElement":[{"@type":"ListItem","position":1,"name":"Accueil","item":"https:\/\/icrspmaurice.org\/"},{"@type":"ListItem","position":2,"name":"Pri\u00e8res"}]},{"@type":"WebSite","@id":"https:\/\/icrspmaurice.org\/#website","url":"https:\/\/icrspmaurice.org\/","name":"ICRSP MAURICE","description":"Ile Maurice","publisher":{"@id":"https:\/\/icrspmaurice.org\/#organization"},"potentialAction":[{"@type":"SearchAction","target":{"@type":"EntryPoint","urlTemplate":"https:\/\/icrspmaurice.org\/?s={search_term_string}"},"query-input":"required name=search_term_string"}],"inLanguage":"fr-FR"},{"@type":"Organization","@id":"https:\/\/icrspmaurice.org\/#organization","name":"ICRSP MAURICE","url":"https:\/\/icrspmaurice.org\/","logo":{"@type":"ImageObject","inLanguage":"fr-FR","@id":"https:\/\/icrspmaurice.org\/#\/schema\/logo\/image\/","url":"https:\/\/icrspmaurice.org\/wp-content\/uploads\/2021\/08\/Institute-Crest.png","contentUrl":"https:\/\/icrspmaurice.org\/wp-content\/uploads\/2021\/08\/Institute-Crest.png","width":288,"height":335,"caption":"ICRSP MAURICE"},"image":{"@id":"https:\/\/icrspmaurice.org\/#\/schema\/logo\/image\/"}}]}},"_links":{"self":[{"href":"https:\/\/icrspmaurice.org\/index.php\/wp-json\/wp\/v2\/pages\/1792"}],"collection":[{"href":"https:\/\/icrspmaurice.org\/index.php\/wp-json\/wp\/v2\/pages"}],"about":[{"href":"https:\/\/icrspmaurice.org\/index.php\/wp-json\/wp\/v2\/types\/page"}],"author":[{"embeddable":true,"href":"https:\/\/icrspmaurice.org\/index.php\/wp-json\/wp\/v2\/users\/3"}],"replies":[{"embeddable":true,"href":"https:\/\/icrspmaurice.org\/index.php\/wp-json\/wp\/v2\/comments?post=1792"}],"version-history":[{"count":9,"href":"https:\/\/icrspmaurice.org\/index.php\/wp-json\/wp\/v2\/pages\/1792\/revisions"}],"predecessor-version":[{"id":1837,"href":"https:\/\/icrspmaurice.org\/index.php\/wp-json\/wp\/v2\/pages\/1792\/revisions\/1837"}],"wp:attachment":[{"href":"https:\/\/icrspmaurice.org\/index.php\/wp-json\/wp\/v2\/media?parent=1792"}],"curies":[{"name":"wp","href":"https:\/\/api.w.org\/{rel}","templated":true}]}}