{"id":1894,"date":"2026-01-12T13:20:00","date_gmt":"2026-01-12T12:20:00","guid":{"rendered":"https:\/\/icrspmaurice.org\/?page_id=1894"},"modified":"2026-02-17T04:39:18","modified_gmt":"2026-02-17T03:39:18","slug":"enregistrement-des-sermons-2026-ad","status":"publish","type":"page","link":"https:\/\/icrspmaurice.org\/index.php\/enregistrement-des-sermons-2026-ad\/","title":{"rendered":"Enregistrement des sermons 2026 aD"},"content":{"rendered":"\n<p><\/p>\n\n\n\n<p>2\u00e8me dimanche de la Passion dit des Rameaux1er dimanche de la Passion<\/p>\n\n\n\n<p>4\u00e8me Dimanche de Car\u00eame (RP , c.s.sp.) &#8211; 7\u00e8me demande du Pater<\/p>\n\n\n\n<p>3\u00e8me Dimanche de Car\u00eame (Chn Montjean) &#8211; 6\u00e8me demande du Pater<\/p>\n\n\n\n<p>2\u00e8me Dimanche de Car\u00eame (Chn Montjean) &#8211; 5\u00e8me demande du Pater<\/p>\n\n\n\n<p>1er Dimanche de Car\u00eame  &#8211; 4\u00e8me demande du Pater<\/p>\n\n\n\n<p>Mercredi des Cendres<\/p>\n\n\n\n<p>Dimanche de la Quinquag\u00e9sime &#8211; 3\u00e8me demande du Pater<\/p>\n\n\n\n<figure class=\"wp-block-audio\"><audio controls src=\"https:\/\/icrspmaurice.org\/wp-content\/uploads\/2026\/02\/Sermon-3eme-demande-du-Pater.mp3\"><\/audio><\/figure>\n\n\n\n<p>Solennit\u00e9 ext\u00e9rieure de la Purification (Dimanche de la Sexag\u00e9sime) &#8211; 2\u00e8me demande du Pater<\/p>\n\n\n\n<figure class=\"wp-block-audio\"><audio controls src=\"https:\/\/icrspmaurice.org\/wp-content\/uploads\/2026\/02\/Sermon-2eme-demande-du-Pater.mp3\"><\/audio><\/figure>\n\n\n\n<p>Dimanche de la Septuag\u00e9sime &#8211; 1\u00e8re demande du Pater<\/p>\n\n\n\n<figure class=\"wp-block-audio\"><audio controls src=\"https:\/\/icrspmaurice.org\/wp-content\/uploads\/2026\/02\/Sermon-1ere-demande-du-Pater-1.mp3\"><\/audio><\/figure>\n\n\n\n<p>Solennit\u00e9 ext\u00e9rieure de St Fran\u00e7ois de Sales &#8211; 3\u00e8me apr\u00e8s l&rsquo;Epiphanie (cl\u00f4ture de la Semaine de pri\u00e8re pour l&rsquo;unit\u00e9 des Chr\u00e9tiens)<\/p>\n\n\n\n<figure class=\"wp-block-audio\"><audio controls src=\"https:\/\/icrspmaurice.org\/wp-content\/uploads\/2026\/01\/St-Francois-de-Sales-unite-des-Chretiens-2026.mp3\"><\/audio><\/figure>\n\n\n\n<p>2\u00e8me dimanche apr\u00e8s l&rsquo;Epiphanie<\/p>\n\n\n\n<figure class=\"wp-block-audio\"><audio controls src=\"https:\/\/icrspmaurice.org\/wp-content\/uploads\/2026\/01\/Sermon-2eme-dimanche-apres-lEpiphanie.mp3\"><\/audio><\/figure>\n\n\n\n<p>Solennit\u00e9 ext\u00e9rieure de l&rsquo;Epiphanie<\/p>\n\n\n\n<figure class=\"wp-block-audio\"><audio controls src=\"https:\/\/icrspmaurice.org\/wp-content\/uploads\/2026\/01\/Epiphanie-2024-converted-1.mp3\"><\/audio><\/figure>\n\n\n\n<p>F\u00eate du Saint Nom de J\u00e9sus<\/p>\n\n\n\n<figure class=\"wp-block-audio\"><audio controls src=\"https:\/\/icrspmaurice.org\/wp-content\/uploads\/2026\/01\/Dim-St-Nom-de-Jesus-Sermon-converted.mp3\"><\/audio><\/figure>\n","protected":false},"excerpt":{"rendered":"<p>2\u00e8me dimanche de la Passion dit des Rameaux1er dimanche de la Passion 4\u00e8me Dimanche de Car\u00eame (RP , c.s.sp.) &#8211; 7\u00e8me demande du Pater 3\u00e8me Dimanche de Car\u00eame (Chn Montjean) &#8211; 6\u00e8me demande du Pater 2\u00e8me Dimanche de Car\u00eame (Chn Montjean) &#8211; 5\u00e8me demande du Pater 1er Dimanche de Car\u00eame &#8211; 4\u00e8me demande du Pater &#8230; <a title=\"Enregistrement des sermons 2026 aD\" class=\"read-more\" href=\"https:\/\/icrspmaurice.org\/index.php\/enregistrement-des-sermons-2026-ad\/\" aria-label=\"En savoir plus sur Enregistrement des sermons 2026 aD\">Lire la suite<\/a><\/p>\n","protected":false},"author":3,"featured_media":0,"parent":0,"menu_order":0,"comment_status":"closed","ping_status":"closed","template":"","meta":{"ngg_post_thumbnail":0,"footnotes":"","_links_to":"","_links_to_target":""},"yoast_head":"<!-- This site is optimized with the Yoast SEO plugin v22.6 - https:\/\/yoast.com\/wordpress\/plugins\/seo\/ -->\n<title>Enregistrement des sermons 2026 aD - ICRSP MAURICE<\/title>\n<meta name=\"description\" content=\"Retrouvez en audio tous les sermons et hom\u00e9lies de l&#039;ann\u00e9e 2026 - ICRSP - Ile Maurice - Pr\u00e9dication\" \/>\n<meta name=\"robots\" content=\"index, follow, max-snippet:-1, max-image-preview:large, max-video-preview:-1\" \/>\n<link rel=\"canonical\" href=\"https:\/\/icrspmaurice.org\/index.php\/enregistrement-des-sermons-2026-ad\/\" \/>\n<meta property=\"og:locale\" content=\"fr_FR\" \/>\n<meta property=\"og:type\" content=\"article\" \/>\n<meta property=\"og:title\" content=\"Enregistrement des sermons 2026 aD - ICRSP MAURICE\" \/>\n<meta property=\"og:description\" content=\"Retrouvez en audio tous les sermons et hom\u00e9lies de l&#039;ann\u00e9e 2026 - ICRSP - Ile Maurice - Pr\u00e9dication\" \/>\n<meta property=\"og:url\" content=\"https:\/\/icrspmaurice.org\/index.php\/enregistrement-des-sermons-2026-ad\/\" \/>\n<meta property=\"og:site_name\" content=\"ICRSP MAURICE\" \/>\n<meta property=\"article:modified_time\" content=\"2026-02-17T03:39:18+00:00\" \/>\n<meta name=\"twitter:card\" content=\"summary_large_image\" \/>\n<meta name=\"twitter:label1\" content=\"Dur\u00e9e de lecture estim\u00e9e\" \/>\n\t<meta name=\"twitter:data1\" content=\"1 minute\" \/>\n<script type=\"application\/ld+json\" class=\"yoast-schema-graph\">{\"@context\":\"https:\/\/schema.org\",\"@graph\":[{\"@type\":\"WebPage\",\"@id\":\"https:\/\/icrspmaurice.org\/index.php\/enregistrement-des-sermons-2026-ad\/\",\"url\":\"https:\/\/icrspmaurice.org\/index.php\/enregistrement-des-sermons-2026-ad\/\",\"name\":\"Enregistrement des sermons 2026 aD - ICRSP MAURICE\",\"isPartOf\":{\"@id\":\"https:\/\/icrspmaurice.org\/#website\"},\"datePublished\":\"2026-01-12T12:20:00+00:00\",\"dateModified\":\"2026-02-17T03:39:18+00:00\",\"description\":\"Retrouvez en audio tous les sermons et hom\u00e9lies de l'ann\u00e9e 2026 - ICRSP - Ile Maurice - Pr\u00e9dication\",\"breadcrumb\":{\"@id\":\"https:\/\/icrspmaurice.org\/index.php\/enregistrement-des-sermons-2026-ad\/#breadcrumb\"},\"inLanguage\":\"fr-FR\",\"potentialAction\":[{\"@type\":\"ReadAction\",\"target\":[\"https:\/\/icrspmaurice.org\/index.php\/enregistrement-des-sermons-2026-ad\/\"]}]},{\"@type\":\"BreadcrumbList\",\"@id\":\"https:\/\/icrspmaurice.org\/index.php\/enregistrement-des-sermons-2026-ad\/#breadcrumb\",\"itemListElement\":[{\"@type\":\"ListItem\",\"position\":1,\"name\":\"Accueil\",\"item\":\"https:\/\/icrspmaurice.org\/\"},{\"@type\":\"ListItem\",\"position\":2,\"name\":\"Enregistrement des sermons 2026 aD\"}]},{\"@type\":\"WebSite\",\"@id\":\"https:\/\/icrspmaurice.org\/#website\",\"url\":\"https:\/\/icrspmaurice.org\/\",\"name\":\"ICRSP MAURICE\",\"description\":\"Ile Maurice\",\"publisher\":{\"@id\":\"https:\/\/icrspmaurice.org\/#organization\"},\"potentialAction\":[{\"@type\":\"SearchAction\",\"target\":{\"@type\":\"EntryPoint\",\"urlTemplate\":\"https:\/\/icrspmaurice.org\/?s={search_term_string}\"},\"query-input\":\"required name=search_term_string\"}],\"inLanguage\":\"fr-FR\"},{\"@type\":\"Organization\",\"@id\":\"https:\/\/icrspmaurice.org\/#organization\",\"name\":\"ICRSP MAURICE\",\"url\":\"https:\/\/icrspmaurice.org\/\",\"logo\":{\"@type\":\"ImageObject\",\"inLanguage\":\"fr-FR\",\"@id\":\"https:\/\/icrspmaurice.org\/#\/schema\/logo\/image\/\",\"url\":\"https:\/\/icrspmaurice.org\/wp-content\/uploads\/2021\/08\/Institute-Crest.png\",\"contentUrl\":\"https:\/\/icrspmaurice.org\/wp-content\/uploads\/2021\/08\/Institute-Crest.png\",\"width\":288,\"height\":335,\"caption\":\"ICRSP MAURICE\"},\"image\":{\"@id\":\"https:\/\/icrspmaurice.org\/#\/schema\/logo\/image\/\"}}]}<\/script>\n<!-- \/ Yoast SEO plugin. -->","yoast_head_json":{"title":"Enregistrement des sermons 2026 aD - ICRSP MAURICE","description":"Retrouvez en audio tous les sermons et hom\u00e9lies de l'ann\u00e9e 2026 - ICRSP - Ile Maurice - Pr\u00e9dication","robots":{"index":"index","follow":"follow","max-snippet":"max-snippet:-1","max-image-preview":"max-image-preview:large","max-video-preview":"max-video-preview:-1"},"canonical":"https:\/\/icrspmaurice.org\/index.php\/enregistrement-des-sermons-2026-ad\/","og_locale":"fr_FR","og_type":"article","og_title":"Enregistrement des sermons 2026 aD - ICRSP MAURICE","og_description":"Retrouvez en audio tous les sermons et hom\u00e9lies de l'ann\u00e9e 2026 - ICRSP - Ile Maurice - Pr\u00e9dication","og_url":"https:\/\/icrspmaurice.org\/index.php\/enregistrement-des-sermons-2026-ad\/","og_site_name":"ICRSP MAURICE","article_modified_time":"2026-02-17T03:39:18+00:00","twitter_card":"summary_large_image","twitter_misc":{"Dur\u00e9e de lecture estim\u00e9e":"1 minute"},"schema":{"@context":"https:\/\/schema.org","@graph":[{"@type":"WebPage","@id":"https:\/\/icrspmaurice.org\/index.php\/enregistrement-des-sermons-2026-ad\/","url":"https:\/\/icrspmaurice.org\/index.php\/enregistrement-des-sermons-2026-ad\/","name":"Enregistrement des sermons 2026 aD - ICRSP MAURICE","isPartOf":{"@id":"https:\/\/icrspmaurice.org\/#website"},"datePublished":"2026-01-12T12:20:00+00:00","dateModified":"2026-02-17T03:39:18+00:00","description":"Retrouvez en audio tous les sermons et hom\u00e9lies de l'ann\u00e9e 2026 - ICRSP - Ile Maurice - Pr\u00e9dication","breadcrumb":{"@id":"https:\/\/icrspmaurice.org\/index.php\/enregistrement-des-sermons-2026-ad\/#breadcrumb"},"inLanguage":"fr-FR","potentialAction":[{"@type":"ReadAction","target":["https:\/\/icrspmaurice.org\/index.php\/enregistrement-des-sermons-2026-ad\/"]}]},{"@type":"BreadcrumbList","@id":"https:\/\/icrspmaurice.org\/index.php\/enregistrement-des-sermons-2026-ad\/#breadcrumb","itemListElement":[{"@type":"ListItem","position":1,"name":"Accueil","item":"https:\/\/icrspmaurice.org\/"},{"@type":"ListItem","position":2,"name":"Enregistrement des sermons 2026 aD"}]},{"@type":"WebSite","@id":"https:\/\/icrspmaurice.org\/#website","url":"https:\/\/icrspmaurice.org\/","name":"ICRSP MAURICE","description":"Ile Maurice","publisher":{"@id":"https:\/\/icrspmaurice.org\/#organization"},"potentialAction":[{"@type":"SearchAction","target":{"@type":"EntryPoint","urlTemplate":"https:\/\/icrspmaurice.org\/?s={search_term_string}"},"query-input":"required name=search_term_string"}],"inLanguage":"fr-FR"},{"@type":"Organization","@id":"https:\/\/icrspmaurice.org\/#organization","name":"ICRSP MAURICE","url":"https:\/\/icrspmaurice.org\/","logo":{"@type":"ImageObject","inLanguage":"fr-FR","@id":"https:\/\/icrspmaurice.org\/#\/schema\/logo\/image\/","url":"https:\/\/icrspmaurice.org\/wp-content\/uploads\/2021\/08\/Institute-Crest.png","contentUrl":"https:\/\/icrspmaurice.org\/wp-content\/uploads\/2021\/08\/Institute-Crest.png","width":288,"height":335,"caption":"ICRSP MAURICE"},"image":{"@id":"https:\/\/icrspmaurice.org\/#\/schema\/logo\/image\/"}}]}},"_links":{"self":[{"href":"https:\/\/icrspmaurice.org\/index.php\/wp-json\/wp\/v2\/pages\/1894"}],"collection":[{"href":"https:\/\/icrspmaurice.org\/index.php\/wp-json\/wp\/v2\/pages"}],"about":[{"href":"https:\/\/icrspmaurice.org\/index.php\/wp-json\/wp\/v2\/types\/page"}],"author":[{"embeddable":true,"href":"https:\/\/icrspmaurice.org\/index.php\/wp-json\/wp\/v2\/users\/3"}],"replies":[{"embeddable":true,"href":"https:\/\/icrspmaurice.org\/index.php\/wp-json\/wp\/v2\/comments?post=1894"}],"version-history":[{"count":6,"href":"https:\/\/icrspmaurice.org\/index.php\/wp-json\/wp\/v2\/pages\/1894\/revisions"}],"predecessor-version":[{"id":1962,"href":"https:\/\/icrspmaurice.org\/index.php\/wp-json\/wp\/v2\/pages\/1894\/revisions\/1962"}],"wp:attachment":[{"href":"https:\/\/icrspmaurice.org\/index.php\/wp-json\/wp\/v2\/media?parent=1894"}],"curies":[{"name":"wp","href":"https:\/\/api.w.org\/{rel}","templated":true}]}}