{"id":48,"date":"2021-08-31T23:13:54","date_gmt":"2021-08-31T21:13:54","guid":{"rendered":"http:\/\/icrspmaurice.org\/?page_id=48"},"modified":"2023-09-18T09:34:29","modified_gmt":"2023-09-18T07:34:29","slug":"contact","status":"publish","type":"page","link":"https:\/\/icrspmaurice.org\/index.php\/contact\/","title":{"rendered":"Contact"},"content":{"rendered":"<h3>Votre Chanoine<\/h3>\n<p><strong>Chanoine Bertrand SIGROS<\/strong><\/p>\n<div class=\"ApplePlainTextBody\">Institut du Christ Roi Souverain Pr\u00eatre<\/div>\n<div class=\"ApplePlainTextBody\">Maison Bx P\u00e8re Laval<\/div>\n<div class=\"ApplePlainTextBody\">Impasse Humbert<\/div>\n<div class=\"ApplePlainTextBody\">(Entr\u00e9e : Impasse Ambroisine)<br>Curepipe<\/div>\n<div>Ile Maurice<\/div>\n<div>+230 5254 9119<\/div>\n<div>\n<p>&nbsp;<\/p>\n<\/div>\n<p><img decoding=\"async\" loading=\"lazy\" class=\"wp-image-343 alignleft\" src=\"https:\/\/icrspmaurice.org\/wp-content\/uploads\/2022\/09\/20220902_091510.jpg\" alt=\"\" width=\"201\" height=\"249\"><\/p>\n<div class=\"col3 border-right left\">\n<div class=\"contact-us\">\n<div class=\"contactustext\">\n<div>Le Chanoine Bertrand SIGROS est entr\u00e9 au S\u00e9minaire international de l&rsquo;ICRSP en Septembre 2010. Il effectuera un stage \u00e0 Libreville (Gabon) et un autre, comme diacre, \u00e0 Rennes (France) avant de recevoir l&rsquo;ordination sacerdotale par l&rsquo;imposition des mains de Son Eminence le Cardinal Burke le 6 juillet 2017. Apr\u00e8s son ordination, il est envoy\u00e9 en Italie, \u00e0 Livourne (non loin de Pise) o\u00f9 il sera \u00e0 l&rsquo;aum\u00f4nerie de l&rsquo;h\u00f4pital. Apr\u00e8s un an comme vicaire, il y est prieur pendant deux ans.&nbsp; Il est ensuite nomm\u00e9 comme vicaire \u00e0 la Mission sainte Th\u00e9r\u00e8se de l&rsquo;Enfant J\u00e9sus, \u00e0 Mouila (Gabon), o\u00f9 il secondera le Chanoine Fragelli puis le Chanoine Rouquayrol.<\/div>\n<div>&nbsp;<\/div>\n<div>Durant le chapitre g\u00e9n\u00e9ral de l&rsquo;ICRSP du mois d&rsquo;ao\u00fbt 2022, il re\u00e7oit de Monseigneur Wach, prieur g\u00e9n\u00e9ral de l&rsquo;Institut, le soin de l&rsquo;apostolat de l&rsquo;ICRSP \u00e0 l&rsquo;Ile Maurice.<\/div>\n<\/div>\n<\/div>\n<\/div>\n<p>&nbsp;<\/p>\n<div class=\"col3 border-right left\">\n<div class=\"contact-us\">\n<div class=\"contactustext\">&nbsp;<\/div>\n<\/div>\n<\/div>\n\n\n<iframe src=\"https:\/\/www.google.com\/maps\/embed?pb=!1m18!1m12!1m3!1d3741.473066272779!2d57.524189700000015!3d-20.322066699999993!2m3!1f0!2f0!3f0!3m2!1i1024!2i768!4f13.1!3m3!1m2!1s0x217c5dc5be5657bd%3A0xa4d64890cc5aeb38!2sMaison%20Bx%20P%C3%A8re%20Laval%20%7C%20ICRSP%20Maurice!5e0!3m2!1sfr!2smu!4v1695022452600!5m2!1sfr!2smu\" width=\"600\" height=\"450\" style=\"border:0;\" allowfullscreen=\"\" loading=\"lazy\" referrerpolicy=\"no-referrer-when-downgrade\"><\/iframe>\n","protected":false},"excerpt":{"rendered":"<p>Votre Chanoine Chanoine Bertrand SIGROS Institut du Christ Roi Souverain Pr\u00eatre Maison Bx P\u00e8re Laval Impasse Humbert (Entr\u00e9e : Impasse Ambroisine)Curepipe Ile Maurice +230 5254 9119 &nbsp; Le Chanoine Bertrand SIGROS est entr\u00e9 au S\u00e9minaire international de l&rsquo;ICRSP en Septembre 2010. Il effectuera un stage \u00e0 Libreville (Gabon) et un autre, comme diacre, \u00e0 Rennes &#8230; <a title=\"Contact\" class=\"read-more\" href=\"https:\/\/icrspmaurice.org\/index.php\/contact\/\" aria-label=\"En savoir plus sur Contact\">Lire la suite<\/a><\/p>\n","protected":false},"author":1,"featured_media":0,"parent":0,"menu_order":0,"comment_status":"closed","ping_status":"closed","template":"","meta":{"ngg_post_thumbnail":0,"footnotes":"","_links_to":"","_links_to_target":""},"yoast_head":"<!-- This site is optimized with the Yoast SEO plugin v22.6 - https:\/\/yoast.com\/wordpress\/plugins\/seo\/ -->\n<title>Contact - ICRSP MAURICE<\/title>\n<meta name=\"description\" content=\"Pr\u00e9sentation du Chanoine Bertrand Sigros desservant de l&#039;Apostolat de l&#039;ICRSP \u00e0 l&#039;Ile Maurice\" \/>\n<meta name=\"robots\" content=\"index, follow, max-snippet:-1, max-image-preview:large, max-video-preview:-1\" \/>\n<link rel=\"canonical\" href=\"https:\/\/icrspmaurice.org\/index.php\/contact\/\" \/>\n<meta property=\"og:locale\" content=\"fr_FR\" \/>\n<meta property=\"og:type\" content=\"article\" \/>\n<meta property=\"og:title\" content=\"Nomination du chanoine Bertrand SIGROS \u00e0 l&#039;Ile Maurice\" \/>\n<meta property=\"og:description\" content=\"Pr\u00e9sentation du Chanoine Bertrand Sigros desservant de l&#039;Apostolat de l&#039;ICRSP \u00e0 l&#039;Ile Maurice\" \/>\n<meta property=\"og:url\" content=\"https:\/\/icrspmaurice.org\/index.php\/contact\/\" \/>\n<meta property=\"og:site_name\" content=\"ICRSP MAURICE\" \/>\n<meta property=\"article:modified_time\" content=\"2023-09-18T07:34:29+00:00\" \/>\n<meta property=\"og:image\" content=\"https:\/\/icrspmaurice.org\/wp-content\/uploads\/2022\/09\/20220902_091510.jpg\" \/>\n\t<meta property=\"og:image:width\" content=\"550\" \/>\n\t<meta property=\"og:image:height\" content=\"979\" \/>\n\t<meta property=\"og:image:type\" content=\"image\/jpeg\" \/>\n<meta name=\"twitter:card\" content=\"summary_large_image\" \/>\n<meta name=\"twitter:image\" content=\"https:\/\/icrspmaurice.org\/wp-content\/uploads\/2022\/09\/20220902_091510.jpg\" \/>\n<meta name=\"twitter:label1\" content=\"Dur\u00e9e de lecture estim\u00e9e\" \/>\n\t<meta name=\"twitter:data1\" content=\"2 minutes\" \/>\n<script type=\"application\/ld+json\" class=\"yoast-schema-graph\">{\"@context\":\"https:\/\/schema.org\",\"@graph\":[{\"@type\":\"WebPage\",\"@id\":\"https:\/\/icrspmaurice.org\/index.php\/contact\/\",\"url\":\"https:\/\/icrspmaurice.org\/index.php\/contact\/\",\"name\":\"Contact - ICRSP MAURICE\",\"isPartOf\":{\"@id\":\"https:\/\/icrspmaurice.org\/#website\"},\"primaryImageOfPage\":{\"@id\":\"https:\/\/icrspmaurice.org\/index.php\/contact\/#primaryimage\"},\"image\":{\"@id\":\"https:\/\/icrspmaurice.org\/index.php\/contact\/#primaryimage\"},\"thumbnailUrl\":\"https:\/\/icrspmaurice.org\/wp-content\/uploads\/2022\/09\/20220902_091510.jpg\",\"datePublished\":\"2021-08-31T21:13:54+00:00\",\"dateModified\":\"2023-09-18T07:34:29+00:00\",\"description\":\"Pr\u00e9sentation du Chanoine Bertrand Sigros desservant de l'Apostolat de l'ICRSP \u00e0 l'Ile Maurice\",\"breadcrumb\":{\"@id\":\"https:\/\/icrspmaurice.org\/index.php\/contact\/#breadcrumb\"},\"inLanguage\":\"fr-FR\",\"potentialAction\":[{\"@type\":\"ReadAction\",\"target\":[\"https:\/\/icrspmaurice.org\/index.php\/contact\/\"]}]},{\"@type\":\"ImageObject\",\"inLanguage\":\"fr-FR\",\"@id\":\"https:\/\/icrspmaurice.org\/index.php\/contact\/#primaryimage\",\"url\":\"https:\/\/icrspmaurice.org\/wp-content\/uploads\/2022\/09\/20220902_091510.jpg\",\"contentUrl\":\"https:\/\/icrspmaurice.org\/wp-content\/uploads\/2022\/09\/20220902_091510.jpg\",\"width\":550,\"height\":979},{\"@type\":\"BreadcrumbList\",\"@id\":\"https:\/\/icrspmaurice.org\/index.php\/contact\/#breadcrumb\",\"itemListElement\":[{\"@type\":\"ListItem\",\"position\":1,\"name\":\"Accueil\",\"item\":\"https:\/\/icrspmaurice.org\/\"},{\"@type\":\"ListItem\",\"position\":2,\"name\":\"Contact\"}]},{\"@type\":\"WebSite\",\"@id\":\"https:\/\/icrspmaurice.org\/#website\",\"url\":\"https:\/\/icrspmaurice.org\/\",\"name\":\"ICRSP MAURICE\",\"description\":\"Ile Maurice\",\"publisher\":{\"@id\":\"https:\/\/icrspmaurice.org\/#organization\"},\"potentialAction\":[{\"@type\":\"SearchAction\",\"target\":{\"@type\":\"EntryPoint\",\"urlTemplate\":\"https:\/\/icrspmaurice.org\/?s={search_term_string}\"},\"query-input\":\"required name=search_term_string\"}],\"inLanguage\":\"fr-FR\"},{\"@type\":\"Organization\",\"@id\":\"https:\/\/icrspmaurice.org\/#organization\",\"name\":\"ICRSP MAURICE\",\"url\":\"https:\/\/icrspmaurice.org\/\",\"logo\":{\"@type\":\"ImageObject\",\"inLanguage\":\"fr-FR\",\"@id\":\"https:\/\/icrspmaurice.org\/#\/schema\/logo\/image\/\",\"url\":\"https:\/\/icrspmaurice.org\/wp-content\/uploads\/2021\/08\/Institute-Crest.png\",\"contentUrl\":\"https:\/\/icrspmaurice.org\/wp-content\/uploads\/2021\/08\/Institute-Crest.png\",\"width\":288,\"height\":335,\"caption\":\"ICRSP MAURICE\"},\"image\":{\"@id\":\"https:\/\/icrspmaurice.org\/#\/schema\/logo\/image\/\"}}]}<\/script>\n<!-- \/ Yoast SEO plugin. -->","yoast_head_json":{"title":"Contact - ICRSP MAURICE","description":"Pr\u00e9sentation du Chanoine Bertrand Sigros desservant de l'Apostolat de l'ICRSP \u00e0 l'Ile Maurice","robots":{"index":"index","follow":"follow","max-snippet":"max-snippet:-1","max-image-preview":"max-image-preview:large","max-video-preview":"max-video-preview:-1"},"canonical":"https:\/\/icrspmaurice.org\/index.php\/contact\/","og_locale":"fr_FR","og_type":"article","og_title":"Nomination du chanoine Bertrand SIGROS \u00e0 l'Ile Maurice","og_description":"Pr\u00e9sentation du Chanoine Bertrand Sigros desservant de l'Apostolat de l'ICRSP \u00e0 l'Ile Maurice","og_url":"https:\/\/icrspmaurice.org\/index.php\/contact\/","og_site_name":"ICRSP MAURICE","article_modified_time":"2023-09-18T07:34:29+00:00","og_image":[{"width":550,"height":979,"url":"https:\/\/icrspmaurice.org\/wp-content\/uploads\/2022\/09\/20220902_091510.jpg","type":"image\/jpeg"}],"twitter_card":"summary_large_image","twitter_image":"https:\/\/icrspmaurice.org\/wp-content\/uploads\/2022\/09\/20220902_091510.jpg","twitter_misc":{"Dur\u00e9e de lecture estim\u00e9e":"2 minutes"},"schema":{"@context":"https:\/\/schema.org","@graph":[{"@type":"WebPage","@id":"https:\/\/icrspmaurice.org\/index.php\/contact\/","url":"https:\/\/icrspmaurice.org\/index.php\/contact\/","name":"Contact - ICRSP MAURICE","isPartOf":{"@id":"https:\/\/icrspmaurice.org\/#website"},"primaryImageOfPage":{"@id":"https:\/\/icrspmaurice.org\/index.php\/contact\/#primaryimage"},"image":{"@id":"https:\/\/icrspmaurice.org\/index.php\/contact\/#primaryimage"},"thumbnailUrl":"https:\/\/icrspmaurice.org\/wp-content\/uploads\/2022\/09\/20220902_091510.jpg","datePublished":"2021-08-31T21:13:54+00:00","dateModified":"2023-09-18T07:34:29+00:00","description":"Pr\u00e9sentation du Chanoine Bertrand Sigros desservant de l'Apostolat de l'ICRSP \u00e0 l'Ile Maurice","breadcrumb":{"@id":"https:\/\/icrspmaurice.org\/index.php\/contact\/#breadcrumb"},"inLanguage":"fr-FR","potentialAction":[{"@type":"ReadAction","target":["https:\/\/icrspmaurice.org\/index.php\/contact\/"]}]},{"@type":"ImageObject","inLanguage":"fr-FR","@id":"https:\/\/icrspmaurice.org\/index.php\/contact\/#primaryimage","url":"https:\/\/icrspmaurice.org\/wp-content\/uploads\/2022\/09\/20220902_091510.jpg","contentUrl":"https:\/\/icrspmaurice.org\/wp-content\/uploads\/2022\/09\/20220902_091510.jpg","width":550,"height":979},{"@type":"BreadcrumbList","@id":"https:\/\/icrspmaurice.org\/index.php\/contact\/#breadcrumb","itemListElement":[{"@type":"ListItem","position":1,"name":"Accueil","item":"https:\/\/icrspmaurice.org\/"},{"@type":"ListItem","position":2,"name":"Contact"}]},{"@type":"WebSite","@id":"https:\/\/icrspmaurice.org\/#website","url":"https:\/\/icrspmaurice.org\/","name":"ICRSP MAURICE","description":"Ile Maurice","publisher":{"@id":"https:\/\/icrspmaurice.org\/#organization"},"potentialAction":[{"@type":"SearchAction","target":{"@type":"EntryPoint","urlTemplate":"https:\/\/icrspmaurice.org\/?s={search_term_string}"},"query-input":"required name=search_term_string"}],"inLanguage":"fr-FR"},{"@type":"Organization","@id":"https:\/\/icrspmaurice.org\/#organization","name":"ICRSP MAURICE","url":"https:\/\/icrspmaurice.org\/","logo":{"@type":"ImageObject","inLanguage":"fr-FR","@id":"https:\/\/icrspmaurice.org\/#\/schema\/logo\/image\/","url":"https:\/\/icrspmaurice.org\/wp-content\/uploads\/2021\/08\/Institute-Crest.png","contentUrl":"https:\/\/icrspmaurice.org\/wp-content\/uploads\/2021\/08\/Institute-Crest.png","width":288,"height":335,"caption":"ICRSP MAURICE"},"image":{"@id":"https:\/\/icrspmaurice.org\/#\/schema\/logo\/image\/"}}]}},"_links":{"self":[{"href":"https:\/\/icrspmaurice.org\/index.php\/wp-json\/wp\/v2\/pages\/48"}],"collection":[{"href":"https:\/\/icrspmaurice.org\/index.php\/wp-json\/wp\/v2\/pages"}],"about":[{"href":"https:\/\/icrspmaurice.org\/index.php\/wp-json\/wp\/v2\/types\/page"}],"author":[{"embeddable":true,"href":"https:\/\/icrspmaurice.org\/index.php\/wp-json\/wp\/v2\/users\/1"}],"replies":[{"embeddable":true,"href":"https:\/\/icrspmaurice.org\/index.php\/wp-json\/wp\/v2\/comments?post=48"}],"version-history":[{"count":15,"href":"https:\/\/icrspmaurice.org\/index.php\/wp-json\/wp\/v2\/pages\/48\/revisions"}],"predecessor-version":[{"id":1170,"href":"https:\/\/icrspmaurice.org\/index.php\/wp-json\/wp\/v2\/pages\/48\/revisions\/1170"}],"wp:attachment":[{"href":"https:\/\/icrspmaurice.org\/index.php\/wp-json\/wp\/v2\/media?parent=48"}],"curies":[{"name":"wp","href":"https:\/\/api.w.org\/{rel}","templated":true}]}}