{"id":668,"date":"2023-02-14T19:28:00","date_gmt":"2023-02-14T18:28:00","guid":{"rendered":"https:\/\/icrspmaurice.org\/?page_id=668"},"modified":"2025-03-03T13:08:30","modified_gmt":"2025-03-03T12:08:30","slug":"emission-radiophonique","status":"publish","type":"page","link":"https:\/\/icrspmaurice.org\/index.php\/emission-radiophonique\/","title":{"rendered":"\u00c9missions radiophoniques"},"content":{"rendered":"\n<h2 class=\"wp-block-heading\">Dimanche 9 f\u00e9vrier 2025 : l&rsquo;ann\u00e9e jubilaire 2025<\/h2>\n\n\n\n<p>\u00ab\u00a0Sur les chemins de la pri\u00e8res\u00a0\u00bb anim\u00e9 par Mme de Nathalie de\u00a0Brugada<\/p>\n\n\n\n<figure class=\"wp-block-audio\"><audio controls src=\"https:\/\/icrspmaurice.org\/wp-content\/uploads\/2025\/03\/SUR-LES-CHEMINS-DE-LA-PRIERE-9-FEVRIER-2025-5e-Dim-C-JUBILE.mp3\"><\/audio><\/figure>\n\n\n\n<h2 class=\"wp-block-heading\">Dimanche 26 mars 2023<\/h2>\n\n\n\n<p>\u00ab\u00a0Sur les chemins de la pri\u00e8res\u00a0\u00bb anim\u00e9 par Mme de Nathalie de&nbsp;Brugada<\/p>\n\n\n\n<figure class=\"wp-block-audio\"><audio controls src=\"https:\/\/icrspmaurice.org\/wp-content\/uploads\/2023\/02\/SUR-LES-CHEMINS-DE-LA-PRIERE-12-fevrier-2023.mp3\" autoplay><\/audio><\/figure>\n\n\n\n<h2 class=\"wp-block-heading\">Dimanche 12 f\u00e9vrier 2023<\/h2>\n\n\n\n<p>\u00ab\u00a0Sur les chemins de la pri\u00e8res\u00a0\u00bb anim\u00e9 par Mme de Nathalie de&nbsp;Brugada<\/p>\n\n\n\n<figure class=\"wp-block-audio\"><audio controls src=\"https:\/\/icrspmaurice.org\/wp-content\/uploads\/2023\/02\/SUR-LES-CHEMINS-DE-LA-PRIERE-12-fevrier-2023.mp3\" autoplay><\/audio><\/figure>\n","protected":false},"excerpt":{"rendered":"<p>Dimanche 9 f\u00e9vrier 2025 : l&rsquo;ann\u00e9e jubilaire 2025 \u00ab\u00a0Sur les chemins de la pri\u00e8res\u00a0\u00bb anim\u00e9 par Mme de Nathalie de\u00a0Brugada Dimanche 26 mars 2023 \u00ab\u00a0Sur les chemins de la pri\u00e8res\u00a0\u00bb anim\u00e9 par Mme de Nathalie de&nbsp;Brugada Dimanche 12 f\u00e9vrier 2023 \u00ab\u00a0Sur les chemins de la pri\u00e8res\u00a0\u00bb anim\u00e9 par Mme de Nathalie de&nbsp;Brugada<\/p>\n","protected":false},"author":3,"featured_media":0,"parent":0,"menu_order":0,"comment_status":"closed","ping_status":"closed","template":"","meta":{"ngg_post_thumbnail":0,"footnotes":"","_links_to":"","_links_to_target":""},"yoast_head":"<!-- This site is optimized with the Yoast SEO plugin v22.6 - https:\/\/yoast.com\/wordpress\/plugins\/seo\/ -->\n<title>\u00c9missions radiophoniques - ICRSP MAURICE<\/title>\n<meta name=\"robots\" content=\"index, follow, max-snippet:-1, max-image-preview:large, max-video-preview:-1\" \/>\n<link rel=\"canonical\" href=\"https:\/\/icrspmaurice.org\/index.php\/emission-radiophonique\/\" \/>\n<meta property=\"og:locale\" content=\"fr_FR\" \/>\n<meta property=\"og:type\" content=\"article\" \/>\n<meta property=\"og:title\" content=\"\u00c9missions radiophoniques - ICRSP MAURICE\" \/>\n<meta property=\"og:description\" content=\"Dimanche 9 f\u00e9vrier 2025 : l&rsquo;ann\u00e9e jubilaire 2025 \u00ab\u00a0Sur les chemins de la pri\u00e8res\u00a0\u00bb anim\u00e9 par Mme de Nathalie de\u00a0Brugada Dimanche 26 mars 2023 \u00ab\u00a0Sur les chemins de la pri\u00e8res\u00a0\u00bb anim\u00e9 par Mme de Nathalie de&nbsp;Brugada Dimanche 12 f\u00e9vrier 2023 \u00ab\u00a0Sur les chemins de la pri\u00e8res\u00a0\u00bb anim\u00e9 par Mme de Nathalie de&nbsp;Brugada\" \/>\n<meta property=\"og:url\" content=\"https:\/\/icrspmaurice.org\/index.php\/emission-radiophonique\/\" \/>\n<meta property=\"og:site_name\" content=\"ICRSP MAURICE\" \/>\n<meta property=\"article:modified_time\" content=\"2025-03-03T12:08:30+00:00\" \/>\n<meta name=\"twitter:card\" content=\"summary_large_image\" \/>\n<meta name=\"twitter:label1\" content=\"Dur\u00e9e de lecture estim\u00e9e\" \/>\n\t<meta name=\"twitter:data1\" content=\"1 minute\" \/>\n<script type=\"application\/ld+json\" class=\"yoast-schema-graph\">{\"@context\":\"https:\/\/schema.org\",\"@graph\":[{\"@type\":\"WebPage\",\"@id\":\"https:\/\/icrspmaurice.org\/index.php\/emission-radiophonique\/\",\"url\":\"https:\/\/icrspmaurice.org\/index.php\/emission-radiophonique\/\",\"name\":\"\u00c9missions radiophoniques - ICRSP MAURICE\",\"isPartOf\":{\"@id\":\"https:\/\/icrspmaurice.org\/#website\"},\"datePublished\":\"2023-02-14T18:28:00+00:00\",\"dateModified\":\"2025-03-03T12:08:30+00:00\",\"breadcrumb\":{\"@id\":\"https:\/\/icrspmaurice.org\/index.php\/emission-radiophonique\/#breadcrumb\"},\"inLanguage\":\"fr-FR\",\"potentialAction\":[{\"@type\":\"ReadAction\",\"target\":[\"https:\/\/icrspmaurice.org\/index.php\/emission-radiophonique\/\"]}]},{\"@type\":\"BreadcrumbList\",\"@id\":\"https:\/\/icrspmaurice.org\/index.php\/emission-radiophonique\/#breadcrumb\",\"itemListElement\":[{\"@type\":\"ListItem\",\"position\":1,\"name\":\"Accueil\",\"item\":\"https:\/\/icrspmaurice.org\/\"},{\"@type\":\"ListItem\",\"position\":2,\"name\":\"\u00c9missions radiophoniques\"}]},{\"@type\":\"WebSite\",\"@id\":\"https:\/\/icrspmaurice.org\/#website\",\"url\":\"https:\/\/icrspmaurice.org\/\",\"name\":\"ICRSP MAURICE\",\"description\":\"Ile Maurice\",\"publisher\":{\"@id\":\"https:\/\/icrspmaurice.org\/#organization\"},\"potentialAction\":[{\"@type\":\"SearchAction\",\"target\":{\"@type\":\"EntryPoint\",\"urlTemplate\":\"https:\/\/icrspmaurice.org\/?s={search_term_string}\"},\"query-input\":\"required name=search_term_string\"}],\"inLanguage\":\"fr-FR\"},{\"@type\":\"Organization\",\"@id\":\"https:\/\/icrspmaurice.org\/#organization\",\"name\":\"ICRSP MAURICE\",\"url\":\"https:\/\/icrspmaurice.org\/\",\"logo\":{\"@type\":\"ImageObject\",\"inLanguage\":\"fr-FR\",\"@id\":\"https:\/\/icrspmaurice.org\/#\/schema\/logo\/image\/\",\"url\":\"https:\/\/icrspmaurice.org\/wp-content\/uploads\/2021\/08\/Institute-Crest.png\",\"contentUrl\":\"https:\/\/icrspmaurice.org\/wp-content\/uploads\/2021\/08\/Institute-Crest.png\",\"width\":288,\"height\":335,\"caption\":\"ICRSP MAURICE\"},\"image\":{\"@id\":\"https:\/\/icrspmaurice.org\/#\/schema\/logo\/image\/\"}}]}<\/script>\n<!-- \/ Yoast SEO plugin. -->","yoast_head_json":{"title":"\u00c9missions radiophoniques - ICRSP MAURICE","robots":{"index":"index","follow":"follow","max-snippet":"max-snippet:-1","max-image-preview":"max-image-preview:large","max-video-preview":"max-video-preview:-1"},"canonical":"https:\/\/icrspmaurice.org\/index.php\/emission-radiophonique\/","og_locale":"fr_FR","og_type":"article","og_title":"\u00c9missions radiophoniques - ICRSP MAURICE","og_description":"Dimanche 9 f\u00e9vrier 2025 : l&rsquo;ann\u00e9e jubilaire 2025 \u00ab\u00a0Sur les chemins de la pri\u00e8res\u00a0\u00bb anim\u00e9 par Mme de Nathalie de\u00a0Brugada Dimanche 26 mars 2023 \u00ab\u00a0Sur les chemins de la pri\u00e8res\u00a0\u00bb anim\u00e9 par Mme de Nathalie de&nbsp;Brugada Dimanche 12 f\u00e9vrier 2023 \u00ab\u00a0Sur les chemins de la pri\u00e8res\u00a0\u00bb anim\u00e9 par Mme de Nathalie de&nbsp;Brugada","og_url":"https:\/\/icrspmaurice.org\/index.php\/emission-radiophonique\/","og_site_name":"ICRSP MAURICE","article_modified_time":"2025-03-03T12:08:30+00:00","twitter_card":"summary_large_image","twitter_misc":{"Dur\u00e9e de lecture estim\u00e9e":"1 minute"},"schema":{"@context":"https:\/\/schema.org","@graph":[{"@type":"WebPage","@id":"https:\/\/icrspmaurice.org\/index.php\/emission-radiophonique\/","url":"https:\/\/icrspmaurice.org\/index.php\/emission-radiophonique\/","name":"\u00c9missions radiophoniques - ICRSP MAURICE","isPartOf":{"@id":"https:\/\/icrspmaurice.org\/#website"},"datePublished":"2023-02-14T18:28:00+00:00","dateModified":"2025-03-03T12:08:30+00:00","breadcrumb":{"@id":"https:\/\/icrspmaurice.org\/index.php\/emission-radiophonique\/#breadcrumb"},"inLanguage":"fr-FR","potentialAction":[{"@type":"ReadAction","target":["https:\/\/icrspmaurice.org\/index.php\/emission-radiophonique\/"]}]},{"@type":"BreadcrumbList","@id":"https:\/\/icrspmaurice.org\/index.php\/emission-radiophonique\/#breadcrumb","itemListElement":[{"@type":"ListItem","position":1,"name":"Accueil","item":"https:\/\/icrspmaurice.org\/"},{"@type":"ListItem","position":2,"name":"\u00c9missions radiophoniques"}]},{"@type":"WebSite","@id":"https:\/\/icrspmaurice.org\/#website","url":"https:\/\/icrspmaurice.org\/","name":"ICRSP MAURICE","description":"Ile Maurice","publisher":{"@id":"https:\/\/icrspmaurice.org\/#organization"},"potentialAction":[{"@type":"SearchAction","target":{"@type":"EntryPoint","urlTemplate":"https:\/\/icrspmaurice.org\/?s={search_term_string}"},"query-input":"required name=search_term_string"}],"inLanguage":"fr-FR"},{"@type":"Organization","@id":"https:\/\/icrspmaurice.org\/#organization","name":"ICRSP MAURICE","url":"https:\/\/icrspmaurice.org\/","logo":{"@type":"ImageObject","inLanguage":"fr-FR","@id":"https:\/\/icrspmaurice.org\/#\/schema\/logo\/image\/","url":"https:\/\/icrspmaurice.org\/wp-content\/uploads\/2021\/08\/Institute-Crest.png","contentUrl":"https:\/\/icrspmaurice.org\/wp-content\/uploads\/2021\/08\/Institute-Crest.png","width":288,"height":335,"caption":"ICRSP MAURICE"},"image":{"@id":"https:\/\/icrspmaurice.org\/#\/schema\/logo\/image\/"}}]}},"_links":{"self":[{"href":"https:\/\/icrspmaurice.org\/index.php\/wp-json\/wp\/v2\/pages\/668"}],"collection":[{"href":"https:\/\/icrspmaurice.org\/index.php\/wp-json\/wp\/v2\/pages"}],"about":[{"href":"https:\/\/icrspmaurice.org\/index.php\/wp-json\/wp\/v2\/types\/page"}],"author":[{"embeddable":true,"href":"https:\/\/icrspmaurice.org\/index.php\/wp-json\/wp\/v2\/users\/3"}],"replies":[{"embeddable":true,"href":"https:\/\/icrspmaurice.org\/index.php\/wp-json\/wp\/v2\/comments?post=668"}],"version-history":[{"count":3,"href":"https:\/\/icrspmaurice.org\/index.php\/wp-json\/wp\/v2\/pages\/668\/revisions"}],"predecessor-version":[{"id":1711,"href":"https:\/\/icrspmaurice.org\/index.php\/wp-json\/wp\/v2\/pages\/668\/revisions\/1711"}],"wp:attachment":[{"href":"https:\/\/icrspmaurice.org\/index.php\/wp-json\/wp\/v2\/media?parent=668"}],"curies":[{"name":"wp","href":"https:\/\/api.w.org\/{rel}","templated":true}]}}