{"id":85,"date":"2021-09-01T10:42:54","date_gmt":"2021-09-01T08:42:54","guid":{"rendered":"https:\/\/icrspmaurice.org\/?page_id=85"},"modified":"2024-02-22T07:00:42","modified_gmt":"2024-02-22T06:00:42","slug":"horaires-de-lapostolat","status":"publish","type":"page","link":"https:\/\/icrspmaurice.org\/index.php\/horaires-de-lapostolat\/","title":{"rendered":"Horaires de l&rsquo;Apostolat"},"content":{"rendered":"\n<div class=\"wp-block-cover is-light has-parallax\"><span aria-hidden=\"true\" class=\"wp-block-cover__background has-background-dim\"><\/span><div role=\"img\" class=\"wp-block-cover__image-background wp-image-413 has-parallax\" style=\"background-position:50% 50%;background-image:url(https:\/\/icrspmaurice.org\/wp-content\/uploads\/2022\/10\/Chapelle-Saint-Joseph-1-scaled.jpg)\"><\/div><div class=\"wp-block-cover__inner-container is-layout-flow wp-block-cover-is-layout-flow\">\n<h2 class=\"wp-block-heading has-text-align-center has-base-2-color has-text-color has-large-font-size\"><strong>Messes, Adoration, Confessions, B\u00e9n\u00e9dictions<\/strong><\/h2>\n<\/div><\/div>\n\n\n\n<h2 class=\"wp-block-heading\">Messes<\/h2>\n\n\n\n<h3 class=\"wp-block-heading\">Semaine (Contacter le chanoine)<\/h3>\n\n\n\n<p>Mardi, Mercredi, Jeudi : 8h30 <\/p>\n\n\n\n<p>Lundi, Vendredi : 18h \u00e0 la Maison Bx P\u00e8re Laval<\/p>\n\n\n\n<p>En Car\u00eame ; le Vendredi : Messe \u00e0 11h30<\/p>\n\n\n\n<h3 class=\"wp-block-heading\">Samedi<\/h3>\n\n\n\n<p>9h \u00e0 la Maison Bx P\u00e8re Laval<\/p>\n\n\n\n<p>Une fois par mois : \u00e0 8h30 au Sanctuaire Marie Reine de la Paix \u00e0 Port-Louis &#8211; Prochaines dates : 7 octobre, 4 novembre, 2 d\u00e9cembre&#8230;<\/p>\n\n\n\n<h3 class=\"wp-block-heading\">Dimanche<\/h3>\n\n\n\n<p class=\"has-contrast-color has-text-color\">Messe chant\u00e9e \u00e0 <strong>9h45<\/strong> \u00e0 la chapelle du Coll\u00e8ge saint Joseph de Curepipe<\/p>\n\n\n\n<p>Une fois par mois (le dernier dimanche du mois) 8h \u00e0 la chapelle de l&rsquo;H\u00f4pital de Jeetoo \u00e0 Port-Louis<\/p>\n\n\n\n<h2 class=\"wp-block-heading\">Confessions<\/h2>\n\n\n\n<h3 class=\"wp-block-heading\">Dimanche<\/h3>\n\n\n\n<p>Confessions \u00e0 9h \u00e0 la chapelle du Coll\u00e8ge saint Joseph de Curepipe.<\/p>\n\n\n\n<p>Le dernier dimanche du mois \u00e0 partir de 9h30.<\/p>\n\n\n\n<h3 class=\"wp-block-heading\">En semaine<\/h3>\n\n\n\n<p>Apr\u00e8s la Messe de 8h30,<\/p>\n\n\n\n<p>Apr\u00e8s la Messe de 9h (pendant l&rsquo;adoration eucharistique),<\/p>\n\n\n\n<p>Avant la Messe de 18h,<\/p>\n\n\n\n<p>Sur Rendez-vous .<\/p>\n\n\n\n<h2 class=\"wp-block-heading\">Adorations<\/h2>\n\n\n\n<h3 class=\"wp-block-heading\">Samedi<\/h3>\n\n\n\n<p>apr\u00e8s la Messe de 9h. Salut \u00e0 10h50.<\/p>\n\n\n\n<h3 class=\"wp-block-heading\">Vendredi <\/h3>\n\n\n\n<p>En Car\u00eame : 17h Confessions &#8211; 18h Chemin de la Croix (Chapelle du Coll\u00e8ge saint Joseph)<\/p>\n\n\n\n<h2 class=\"wp-block-heading\">B\u00e9n\u00e9dictions rituelles<\/h2>\n\n\n\n<p>Apr\u00e8s la Grand&rsquo;Messe dominicale.<\/p>\n\n\n\n<p>Sur Rendez-vous, le chanoine se tient \u00e0 disposition pour donner les b\u00e9n\u00e9diction du Rituel Romain.<\/p>\n\n\n\n<div class=\"wp-block-columns is-layout-flex wp-container-5 wp-block-columns-is-layout-flex\">\n<div class=\"wp-block-column is-layout-flow wp-block-column-is-layout-flow\">\n<iframe src=\"https:\/\/www.google.com\/maps\/embed?pb=!1m14!1m8!1m3!1d14966.129130604633!2d57.5246145!3d-20.319618!3m2!1i1024!2i768!4f13.1!3m3!1m2!1s0x217c5c441cb10ad1%3A0x8c9089501bfee95!2s%C3%89glise%20Sainte-Th%C3%A9r%C3%A8se%20de%20Curepipe!5e0!3m2!1sfr!2smu!4v1695022082058!5m2!1sfr!2smu\" width=\"600\" height=\"450\" style=\"border:0;\" allowfullscreen=\"\" loading=\"lazy\" referrerpolicy=\"no-referrer-when-downgrade\"><\/iframe>\n<\/div>\n\n\n\n<div class=\"wp-block-column is-layout-flow wp-block-column-is-layout-flow\">\n<iframe src=\"https:\/\/www.google.com\/maps\/embed?pb=!1m18!1m12!1m3!1d3741.514959881877!2d57.52089221453813!3d-20.320334355812168!2m3!1f0!2f0!3f0!3m2!1i1024!2i768!4f13.1!3m3!1m2!1s0x217c5c4444759545%3A0xccd86a9bebd67053!2sSt.%20Joseph%20College!5e0!3m2!1sfr!2sga!4v1665685007101!5m2!1sfr!2sga\" width=\"600\" height=\"450\" style=\"border:0;\" allowfullscreen=\"\" loading=\"lazy\" referrerpolicy=\"no-referrer-when-downgrade\"><\/iframe>\n<\/div>\n\n\n\n<div class=\"wp-block-column is-layout-flow wp-block-column-is-layout-flow\">\n<iframe src=\"https:\/\/www.google.com\/maps\/embed?pb=!1m18!1m12!1m3!1d59930.21421003088!2d57.46689593477296!3d-20.14912836666271!2m3!1f0!2f0!3f0!3m2!1i1024!2i768!4f13.1!3m3!1m2!1s0x217c504ffb9a31e1%3A0x81acadf83007b88f!2sMarie%20Reine%20de%20la%20Paix!5e0!3m2!1sfr!2sga!4v1665685129096!5m2!1sfr!2sga\" width=\"600\" height=\"450\" style=\"border:0;\" allowfullscreen=\"\" loading=\"lazy\" referrerpolicy=\"no-referrer-when-downgrade\"><\/iframe>\n<\/div>\n<\/div>\n","protected":false},"excerpt":{"rendered":"<p>Messes Semaine (Contacter le chanoine) Mardi, Mercredi, Jeudi : 8h30 Lundi, Vendredi : 18h \u00e0 la Maison Bx P\u00e8re Laval En Car\u00eame ; le Vendredi : Messe \u00e0 11h30 Samedi 9h \u00e0 la Maison Bx P\u00e8re Laval Une fois par mois : \u00e0 8h30 au Sanctuaire Marie Reine de la Paix \u00e0 Port-Louis &#8211; Prochaines &#8230; <a title=\"Horaires de l&rsquo;Apostolat\" class=\"read-more\" href=\"https:\/\/icrspmaurice.org\/index.php\/horaires-de-lapostolat\/\" aria-label=\"En savoir plus sur Horaires de l&rsquo;Apostolat\">Lire la suite<\/a><\/p>\n","protected":false},"author":2,"featured_media":0,"parent":0,"menu_order":0,"comment_status":"closed","ping_status":"closed","template":"","meta":{"ngg_post_thumbnail":0,"footnotes":"","_links_to":"","_links_to_target":""},"yoast_head":"<!-- This site is optimized with the Yoast SEO plugin v22.6 - https:\/\/yoast.com\/wordpress\/plugins\/seo\/ -->\n<title>Horaires de l&#039;Apostolat - ICRSP MAURICE<\/title>\n<meta name=\"robots\" content=\"index, follow, max-snippet:-1, max-image-preview:large, max-video-preview:-1\" \/>\n<link rel=\"canonical\" href=\"https:\/\/icrspmaurice.org\/index.php\/horaires-de-lapostolat\/\" \/>\n<meta property=\"og:locale\" content=\"fr_FR\" \/>\n<meta property=\"og:type\" content=\"article\" \/>\n<meta property=\"og:title\" content=\"Horaires de l&#039;Apostolat - ICRSP MAURICE\" \/>\n<meta property=\"og:description\" content=\"Messes Semaine (Contacter le chanoine) Mardi, Mercredi, Jeudi : 8h30 Lundi, Vendredi : 18h \u00e0 la Maison Bx P\u00e8re Laval En Car\u00eame ; le Vendredi : Messe \u00e0 11h30 Samedi 9h \u00e0 la Maison Bx P\u00e8re Laval Une fois par mois : \u00e0 8h30 au Sanctuaire Marie Reine de la Paix \u00e0 Port-Louis &#8211; Prochaines ... Lire la suite\" \/>\n<meta property=\"og:url\" content=\"https:\/\/icrspmaurice.org\/index.php\/horaires-de-lapostolat\/\" \/>\n<meta property=\"og:site_name\" content=\"ICRSP MAURICE\" \/>\n<meta property=\"article:modified_time\" content=\"2024-02-22T06:00:42+00:00\" \/>\n<meta name=\"twitter:card\" content=\"summary_large_image\" \/>\n<meta name=\"twitter:label1\" content=\"Dur\u00e9e de lecture estim\u00e9e\" \/>\n\t<meta name=\"twitter:data1\" content=\"1 minute\" \/>\n<script type=\"application\/ld+json\" class=\"yoast-schema-graph\">{\"@context\":\"https:\/\/schema.org\",\"@graph\":[{\"@type\":\"WebPage\",\"@id\":\"https:\/\/icrspmaurice.org\/index.php\/horaires-de-lapostolat\/\",\"url\":\"https:\/\/icrspmaurice.org\/index.php\/horaires-de-lapostolat\/\",\"name\":\"Horaires de l'Apostolat - ICRSP MAURICE\",\"isPartOf\":{\"@id\":\"https:\/\/icrspmaurice.org\/#website\"},\"datePublished\":\"2021-09-01T08:42:54+00:00\",\"dateModified\":\"2024-02-22T06:00:42+00:00\",\"breadcrumb\":{\"@id\":\"https:\/\/icrspmaurice.org\/index.php\/horaires-de-lapostolat\/#breadcrumb\"},\"inLanguage\":\"fr-FR\",\"potentialAction\":[{\"@type\":\"ReadAction\",\"target\":[\"https:\/\/icrspmaurice.org\/index.php\/horaires-de-lapostolat\/\"]}]},{\"@type\":\"BreadcrumbList\",\"@id\":\"https:\/\/icrspmaurice.org\/index.php\/horaires-de-lapostolat\/#breadcrumb\",\"itemListElement\":[{\"@type\":\"ListItem\",\"position\":1,\"name\":\"Accueil\",\"item\":\"https:\/\/icrspmaurice.org\/\"},{\"@type\":\"ListItem\",\"position\":2,\"name\":\"Horaires de l&#8217;Apostolat\"}]},{\"@type\":\"WebSite\",\"@id\":\"https:\/\/icrspmaurice.org\/#website\",\"url\":\"https:\/\/icrspmaurice.org\/\",\"name\":\"ICRSP MAURICE\",\"description\":\"Ile Maurice\",\"publisher\":{\"@id\":\"https:\/\/icrspmaurice.org\/#organization\"},\"potentialAction\":[{\"@type\":\"SearchAction\",\"target\":{\"@type\":\"EntryPoint\",\"urlTemplate\":\"https:\/\/icrspmaurice.org\/?s={search_term_string}\"},\"query-input\":\"required name=search_term_string\"}],\"inLanguage\":\"fr-FR\"},{\"@type\":\"Organization\",\"@id\":\"https:\/\/icrspmaurice.org\/#organization\",\"name\":\"ICRSP MAURICE\",\"url\":\"https:\/\/icrspmaurice.org\/\",\"logo\":{\"@type\":\"ImageObject\",\"inLanguage\":\"fr-FR\",\"@id\":\"https:\/\/icrspmaurice.org\/#\/schema\/logo\/image\/\",\"url\":\"https:\/\/icrspmaurice.org\/wp-content\/uploads\/2021\/08\/Institute-Crest.png\",\"contentUrl\":\"https:\/\/icrspmaurice.org\/wp-content\/uploads\/2021\/08\/Institute-Crest.png\",\"width\":288,\"height\":335,\"caption\":\"ICRSP MAURICE\"},\"image\":{\"@id\":\"https:\/\/icrspmaurice.org\/#\/schema\/logo\/image\/\"}}]}<\/script>\n<!-- \/ Yoast SEO plugin. -->","yoast_head_json":{"title":"Horaires de l'Apostolat - ICRSP MAURICE","robots":{"index":"index","follow":"follow","max-snippet":"max-snippet:-1","max-image-preview":"max-image-preview:large","max-video-preview":"max-video-preview:-1"},"canonical":"https:\/\/icrspmaurice.org\/index.php\/horaires-de-lapostolat\/","og_locale":"fr_FR","og_type":"article","og_title":"Horaires de l'Apostolat - ICRSP MAURICE","og_description":"Messes Semaine (Contacter le chanoine) Mardi, Mercredi, Jeudi : 8h30 Lundi, Vendredi : 18h \u00e0 la Maison Bx P\u00e8re Laval En Car\u00eame ; le Vendredi : Messe \u00e0 11h30 Samedi 9h \u00e0 la Maison Bx P\u00e8re Laval Une fois par mois : \u00e0 8h30 au Sanctuaire Marie Reine de la Paix \u00e0 Port-Louis &#8211; Prochaines ... Lire la suite","og_url":"https:\/\/icrspmaurice.org\/index.php\/horaires-de-lapostolat\/","og_site_name":"ICRSP MAURICE","article_modified_time":"2024-02-22T06:00:42+00:00","twitter_card":"summary_large_image","twitter_misc":{"Dur\u00e9e de lecture estim\u00e9e":"1 minute"},"schema":{"@context":"https:\/\/schema.org","@graph":[{"@type":"WebPage","@id":"https:\/\/icrspmaurice.org\/index.php\/horaires-de-lapostolat\/","url":"https:\/\/icrspmaurice.org\/index.php\/horaires-de-lapostolat\/","name":"Horaires de l'Apostolat - ICRSP MAURICE","isPartOf":{"@id":"https:\/\/icrspmaurice.org\/#website"},"datePublished":"2021-09-01T08:42:54+00:00","dateModified":"2024-02-22T06:00:42+00:00","breadcrumb":{"@id":"https:\/\/icrspmaurice.org\/index.php\/horaires-de-lapostolat\/#breadcrumb"},"inLanguage":"fr-FR","potentialAction":[{"@type":"ReadAction","target":["https:\/\/icrspmaurice.org\/index.php\/horaires-de-lapostolat\/"]}]},{"@type":"BreadcrumbList","@id":"https:\/\/icrspmaurice.org\/index.php\/horaires-de-lapostolat\/#breadcrumb","itemListElement":[{"@type":"ListItem","position":1,"name":"Accueil","item":"https:\/\/icrspmaurice.org\/"},{"@type":"ListItem","position":2,"name":"Horaires de l&#8217;Apostolat"}]},{"@type":"WebSite","@id":"https:\/\/icrspmaurice.org\/#website","url":"https:\/\/icrspmaurice.org\/","name":"ICRSP MAURICE","description":"Ile Maurice","publisher":{"@id":"https:\/\/icrspmaurice.org\/#organization"},"potentialAction":[{"@type":"SearchAction","target":{"@type":"EntryPoint","urlTemplate":"https:\/\/icrspmaurice.org\/?s={search_term_string}"},"query-input":"required name=search_term_string"}],"inLanguage":"fr-FR"},{"@type":"Organization","@id":"https:\/\/icrspmaurice.org\/#organization","name":"ICRSP MAURICE","url":"https:\/\/icrspmaurice.org\/","logo":{"@type":"ImageObject","inLanguage":"fr-FR","@id":"https:\/\/icrspmaurice.org\/#\/schema\/logo\/image\/","url":"https:\/\/icrspmaurice.org\/wp-content\/uploads\/2021\/08\/Institute-Crest.png","contentUrl":"https:\/\/icrspmaurice.org\/wp-content\/uploads\/2021\/08\/Institute-Crest.png","width":288,"height":335,"caption":"ICRSP MAURICE"},"image":{"@id":"https:\/\/icrspmaurice.org\/#\/schema\/logo\/image\/"}}]}},"_links":{"self":[{"href":"https:\/\/icrspmaurice.org\/index.php\/wp-json\/wp\/v2\/pages\/85"}],"collection":[{"href":"https:\/\/icrspmaurice.org\/index.php\/wp-json\/wp\/v2\/pages"}],"about":[{"href":"https:\/\/icrspmaurice.org\/index.php\/wp-json\/wp\/v2\/types\/page"}],"author":[{"embeddable":true,"href":"https:\/\/icrspmaurice.org\/index.php\/wp-json\/wp\/v2\/users\/2"}],"replies":[{"embeddable":true,"href":"https:\/\/icrspmaurice.org\/index.php\/wp-json\/wp\/v2\/comments?post=85"}],"version-history":[{"count":18,"href":"https:\/\/icrspmaurice.org\/index.php\/wp-json\/wp\/v2\/pages\/85\/revisions"}],"predecessor-version":[{"id":1361,"href":"https:\/\/icrspmaurice.org\/index.php\/wp-json\/wp\/v2\/pages\/85\/revisions\/1361"}],"wp:attachment":[{"href":"https:\/\/icrspmaurice.org\/index.php\/wp-json\/wp\/v2\/media?parent=85"}],"curies":[{"name":"wp","href":"https:\/\/api.w.org\/{rel}","templated":true}]}}